{"id":472244,"date":"2025-05-22T17:16:42","date_gmt":"2025-05-22T15:16:42","guid":{"rendered":"https:\/\/letutudanza.it\/?post_type=product&#038;p=472244"},"modified":"2025-05-23T11:51:43","modified_gmt":"2025-05-23T09:51:43","slug":"weise-maske-mit-spitzenschleier-copia","status":"publish","type":"product","link":"https:\/\/www.letutudanza.it\/de\/prodotto\/weise-maske-mit-spitzenschleier-copia","title":{"rendered":"Wei\u00dfe Maske mit Goldbesatz"},"content":{"rendered":"","protected":false},"excerpt":{"rendered":"<p>Einheitsgr\u00f6\u00dfe<br \/>\n Mit Spitze und goldener Spitze an den Augen versehen<\/p>\n","protected":false},"featured_media":472248,"template":"","meta":{"_acf_changed":false},"product_brand":[],"product_cat":[1506,2827],"product_tag":[],"class_list":{"0":"post-472244","1":"product","2":"type-product","3":"status-publish","4":"has-post-thumbnail","6":"product_cat-zubehor-zeigen","7":"product_cat-masken","9":"first","10":"instock","11":"shipping-taxable","12":"purchasable","13":"product-type-simple"},"acf":[],"_links":{"self":[{"href":"https:\/\/www.letutudanza.it\/de\/wp-json\/wp\/v2\/product\/472244","targetHints":{"allow":["GET"]}}],"collection":[{"href":"https:\/\/www.letutudanza.it\/de\/wp-json\/wp\/v2\/product"}],"about":[{"href":"https:\/\/www.letutudanza.it\/de\/wp-json\/wp\/v2\/types\/product"}],"wp:featuredmedia":[{"embeddable":true,"href":"https:\/\/www.letutudanza.it\/de\/wp-json\/wp\/v2\/media\/472248"}],"wp:attachment":[{"href":"https:\/\/www.letutudanza.it\/de\/wp-json\/wp\/v2\/media?parent=472244"}],"wp:term":[{"taxonomy":"product_brand","embeddable":true,"href":"https:\/\/www.letutudanza.it\/de\/wp-json\/wp\/v2\/product_brand?post=472244"},{"taxonomy":"product_cat","embeddable":true,"href":"https:\/\/www.letutudanza.it\/de\/wp-json\/wp\/v2\/product_cat?post=472244"},{"taxonomy":"product_tag","embeddable":true,"href":"https:\/\/www.letutudanza.it\/de\/wp-json\/wp\/v2\/product_tag?post=472244"}],"curies":[{"name":"wp","href":"https:\/\/api.w.org\/{rel}","templated":true}]}}