{"id":471262,"date":"2025-04-30T17:12:39","date_gmt":"2025-04-30T15:12:39","guid":{"rendered":"https:\/\/letutudanza.it\/prodotto\/herren-lycra-tank-top-tanzbody"},"modified":"2025-09-19T17:55:01","modified_gmt":"2025-09-19T15:55:01","slug":"herren-lycra-tank-top-tanzbody","status":"publish","type":"product","link":"https:\/\/www.letutudanza.it\/de\/prodotto\/herren-lycra-tank-top-tanzbody","title":{"rendered":"Herren Lycra Tank Top Tanzbody"},"content":{"rendered":"<p>Ungef\u00fcttertes Produkt<\/p>\n","protected":false},"excerpt":{"rendered":"<p>Herren-Tanktop-Bodysuit, Muschelschnitt auf der Vorderseite.<br \/>\n Aus Lycra, Farbe wie auf dem Foto<\/p>\n<p> Nur ein St\u00fcck verf\u00fcgbar, Gr\u00f6\u00dfe S<\/p>\n","protected":false},"featured_media":471260,"template":"","meta":{"_acf_changed":false},"product_brand":[],"product_cat":[1638,1521,1516,1451],"product_tag":[],"class_list":{"0":"post-471262","1":"product","2":"type-product","3":"status-publish","4":"has-post-thumbnail","6":"product_cat-herren-tanz-body","7":"product_cat-auslasskorper","8":"product_cat-herrenlinie","9":"product_cat-auslauf","11":"first","12":"instock","13":"sale","14":"shipping-taxable","15":"purchasable","16":"product-type-simple"},"acf":[],"_links":{"self":[{"href":"https:\/\/www.letutudanza.it\/de\/wp-json\/wp\/v2\/product\/471262","targetHints":{"allow":["GET"]}}],"collection":[{"href":"https:\/\/www.letutudanza.it\/de\/wp-json\/wp\/v2\/product"}],"about":[{"href":"https:\/\/www.letutudanza.it\/de\/wp-json\/wp\/v2\/types\/product"}],"wp:featuredmedia":[{"embeddable":true,"href":"https:\/\/www.letutudanza.it\/de\/wp-json\/wp\/v2\/media\/471260"}],"wp:attachment":[{"href":"https:\/\/www.letutudanza.it\/de\/wp-json\/wp\/v2\/media?parent=471262"}],"wp:term":[{"taxonomy":"product_brand","embeddable":true,"href":"https:\/\/www.letutudanza.it\/de\/wp-json\/wp\/v2\/product_brand?post=471262"},{"taxonomy":"product_cat","embeddable":true,"href":"https:\/\/www.letutudanza.it\/de\/wp-json\/wp\/v2\/product_cat?post=471262"},{"taxonomy":"product_tag","embeddable":true,"href":"https:\/\/www.letutudanza.it\/de\/wp-json\/wp\/v2\/product_tag?post=471262"}],"curies":[{"name":"wp","href":"https:\/\/api.w.org\/{rel}","templated":true}]}}