{"id":470656,"date":"2025-03-17T16:27:19","date_gmt":"2025-03-17T15:27:19","guid":{"rendered":"https:\/\/letutudanza.it\/prodotto\/tanz-dich-rucksack-keola"},"modified":"2025-09-25T14:23:45","modified_gmt":"2025-09-25T12:23:45","slug":"tanz-dich-rucksack-keola","status":"publish","type":"product","link":"https:\/\/www.letutudanza.it\/de\/prodotto\/tanz-dich-rucksack-keola","title":{"rendered":"Dansez-Vous Keola Rucksack"},"content":{"rendered":"<p>Material: 100 % Polyester-Canvas<br \/>\n Abmessungen 28 x 33 x 15 cm<\/p>\n<p> Erh\u00e4ltlich in der Farbe wie auf dem Foto<\/p>\n","protected":false},"excerpt":{"rendered":"<p>Der aus Polyester-Canvas gefertigte Keola-Rucksack ist dank seines modernen Designs ein ger\u00e4umiges und \u00e4u\u00dferst vielseitiges Modell.<\/p>\n<p>Eigenschaften:<\/p>\n<ul>\n<li>Sehr lange Griffe<\/li>\n<li>Verstellbare Schultergurte<\/li>\n<li>Rei\u00dfverschluss<\/li>\n<li>Gro\u00dfe zentrale Tasche mit Rei\u00dfverschluss<\/li>\n<li>2 Seitentaschen<\/li>\n<li>Abmessungen 28 x 33 x 15 cm<\/li>\n<\/ul>\n","protected":false},"featured_media":470539,"template":"","meta":{"_acf_changed":false},"product_brand":[],"product_cat":[1505,1447],"product_tag":[],"class_list":{"0":"post-470656","1":"product","2":"type-product","3":"status-publish","4":"has-post-thumbnail","6":"product_cat-tanztaschen-und-tutu-tasche","7":"product_cat-zubehor","8":"pa_brand-dansez-vous-de","10":"first","11":"instock","12":"shipping-taxable","13":"purchasable","14":"product-type-simple"},"acf":[],"_links":{"self":[{"href":"https:\/\/www.letutudanza.it\/de\/wp-json\/wp\/v2\/product\/470656","targetHints":{"allow":["GET"]}}],"collection":[{"href":"https:\/\/www.letutudanza.it\/de\/wp-json\/wp\/v2\/product"}],"about":[{"href":"https:\/\/www.letutudanza.it\/de\/wp-json\/wp\/v2\/types\/product"}],"wp:featuredmedia":[{"embeddable":true,"href":"https:\/\/www.letutudanza.it\/de\/wp-json\/wp\/v2\/media\/470539"}],"wp:attachment":[{"href":"https:\/\/www.letutudanza.it\/de\/wp-json\/wp\/v2\/media?parent=470656"}],"wp:term":[{"taxonomy":"product_brand","embeddable":true,"href":"https:\/\/www.letutudanza.it\/de\/wp-json\/wp\/v2\/product_brand?post=470656"},{"taxonomy":"product_cat","embeddable":true,"href":"https:\/\/www.letutudanza.it\/de\/wp-json\/wp\/v2\/product_cat?post=470656"},{"taxonomy":"product_tag","embeddable":true,"href":"https:\/\/www.letutudanza.it\/de\/wp-json\/wp\/v2\/product_tag?post=470656"}],"curies":[{"name":"wp","href":"https:\/\/api.w.org\/{rel}","templated":true}]}}