{"id":470604,"date":"2021-06-29T16:58:10","date_gmt":"2021-06-29T14:58:10","guid":{"rendered":"https:\/\/letutudanza.it\/?post_type=product&#038;p=470604"},"modified":"2026-03-16T11:39:20","modified_gmt":"2026-03-16T10:39:20","slug":"lolli","status":"publish","type":"product","link":"https:\/\/www.letutudanza.it\/de\/prodotto\/lolli","title":{"rendered":"Feenkleid aus Fantasiestoff"},"content":{"rendered":"<p>Klassisches Tanzkost\u00fcm. Mieder mit rundem Ausschnitt aus Fantasy-Glitter-Lycra, linearem Einsatz aus elastischer Spitze, in der Mitte geschn\u00fcrt und mit rosa Bes\u00e4tzen und wei\u00dfer Spitze vollendet. Puff\u00e4rmel in rosa Glanz mit Schleifen- und Spitzenbesatz. Degas aus zartrosa T\u00fcll.<\/p>\n","protected":false},"excerpt":{"rendered":"<p>Klassisches Tanzkost\u00fcm. Mieder mit rundem Ausschnitt aus Fantasy-Glitter-Lycra, linearem Einsatz aus elastischer Spitze, in der Mitte geschn\u00fcrt und mit rosa Bes\u00e4tzen und wei\u00dfer Spitze vollendet. Puff\u00e4rmel in rosa Glanz mit Schleifen- und Spitzenbesatz. Degas aus zartrosa T\u00fcll.<\/p>\n","protected":false},"featured_media":483234,"template":"","meta":{"_acf_changed":false},"product_brand":[],"product_cat":[1609,1451],"product_tag":[],"class_list":{"0":"post-470604","1":"product","2":"type-product","3":"status-publish","4":"has-post-thumbnail","6":"product_cat-kostum-outlet","7":"product_cat-auslauf","8":"pa_brand-dl-tanzkleidung","10":"first","11":"instock","12":"shipping-taxable","13":"purchasable","14":"product-type-variable"},"acf":[],"_links":{"self":[{"href":"https:\/\/www.letutudanza.it\/de\/wp-json\/wp\/v2\/product\/470604","targetHints":{"allow":["GET"]}}],"collection":[{"href":"https:\/\/www.letutudanza.it\/de\/wp-json\/wp\/v2\/product"}],"about":[{"href":"https:\/\/www.letutudanza.it\/de\/wp-json\/wp\/v2\/types\/product"}],"wp:featuredmedia":[{"embeddable":true,"href":"https:\/\/www.letutudanza.it\/de\/wp-json\/wp\/v2\/media\/483234"}],"wp:attachment":[{"href":"https:\/\/www.letutudanza.it\/de\/wp-json\/wp\/v2\/media?parent=470604"}],"wp:term":[{"taxonomy":"product_brand","embeddable":true,"href":"https:\/\/www.letutudanza.it\/de\/wp-json\/wp\/v2\/product_brand?post=470604"},{"taxonomy":"product_cat","embeddable":true,"href":"https:\/\/www.letutudanza.it\/de\/wp-json\/wp\/v2\/product_cat?post=470604"},{"taxonomy":"product_tag","embeddable":true,"href":"https:\/\/www.letutudanza.it\/de\/wp-json\/wp\/v2\/product_tag?post=470604"}],"curies":[{"name":"wp","href":"https:\/\/api.w.org\/{rel}","templated":true}]}}