{"id":470602,"date":"2021-06-29T16:55:32","date_gmt":"2021-06-29T14:55:32","guid":{"rendered":"https:\/\/letutudanza.it\/?post_type=product&#038;p=470602"},"modified":"2026-03-16T16:29:56","modified_gmt":"2026-03-16T15:29:56","slug":"denise","status":"publish","type":"product","link":"https:\/\/www.letutudanza.it\/de\/prodotto\/denise","title":{"rendered":"Klassisches rosa-schwarzes Kleid"},"content":{"rendered":"<p>Klassisches Tanzkost\u00fcm. Mieder mit Rundhalsausschnitt aus schwarzem Samt, linearer Einsatz aus rosafarbenem Lycra, in der Mitte geschn\u00fcrt und mit rosa Bes\u00e4tzen vollendet. Fl\u00fcgel\u00e4rmel in rosa Glanz. Rock aus zartrosa T\u00fcll, \u00dcberrock aus Glanz und mit Schleife vollendet<\/p>\n","protected":false},"excerpt":{"rendered":"<p>Rundhals-Body aus schwarzem Samt mit gro\u00dfem, mittigem Lycra-Einsatz, verziert mit Schn\u00fcrsenkeln und Borten. Fl\u00fcgel\u00e4rmel in rosa Glanz. Der Rock besteht aus drei Lagen zartrosa T\u00fcll und einem glitzernden \u00dcberrock und ist mit einem Band verziert.<\/p>\n","protected":false},"featured_media":483240,"template":"","meta":{"_acf_changed":false},"product_brand":[],"product_cat":[1609,1451],"product_tag":[],"class_list":{"0":"post-470602","1":"product","2":"type-product","3":"status-publish","4":"has-post-thumbnail","6":"product_cat-kostum-outlet","7":"product_cat-auslauf","8":"pa_brand-dl-tanzkleidung","10":"first","11":"instock","12":"shipping-taxable","13":"purchasable","14":"product-type-variable"},"acf":[],"_links":{"self":[{"href":"https:\/\/www.letutudanza.it\/de\/wp-json\/wp\/v2\/product\/470602","targetHints":{"allow":["GET"]}}],"collection":[{"href":"https:\/\/www.letutudanza.it\/de\/wp-json\/wp\/v2\/product"}],"about":[{"href":"https:\/\/www.letutudanza.it\/de\/wp-json\/wp\/v2\/types\/product"}],"wp:featuredmedia":[{"embeddable":true,"href":"https:\/\/www.letutudanza.it\/de\/wp-json\/wp\/v2\/media\/483240"}],"wp:attachment":[{"href":"https:\/\/www.letutudanza.it\/de\/wp-json\/wp\/v2\/media?parent=470602"}],"wp:term":[{"taxonomy":"product_brand","embeddable":true,"href":"https:\/\/www.letutudanza.it\/de\/wp-json\/wp\/v2\/product_brand?post=470602"},{"taxonomy":"product_cat","embeddable":true,"href":"https:\/\/www.letutudanza.it\/de\/wp-json\/wp\/v2\/product_cat?post=470602"},{"taxonomy":"product_tag","embeddable":true,"href":"https:\/\/www.letutudanza.it\/de\/wp-json\/wp\/v2\/product_tag?post=470602"}],"curies":[{"name":"wp","href":"https:\/\/api.w.org\/{rel}","templated":true}]}}