{"id":470396,"date":"2025-03-09T19:28:44","date_gmt":"2025-03-09T18:28:44","guid":{"rendered":"https:\/\/letutudanza.it\/?post_type=product&#038;p=470396"},"modified":"2026-01-08T16:28:49","modified_gmt":"2026-01-08T15:28:49","slug":"punta-danza-sansha-geldborse-copia","status":"publish","type":"product","link":"https:\/\/www.letutudanza.it\/de\/prodotto\/punta-danza-sansha-geldborse-copia","title":{"rendered":"Sansha Spitzenschuhetui"},"content":{"rendered":"<p>Spitz zulaufendes Portemonnaie, das sowohl als B\u00fcgelhalter als auch als M\u00fcnzgeldb\u00f6rse n\u00fctzlich ist. Ausgestattet mit zentralem Rei\u00dfverschluss. Perfekt als Geschenkidee.<\/p>\n<p>L\u00e4nge: 13cm<\/p>\n","protected":false},"excerpt":{"rendered":"<p>Federm\u00e4ppchen in Form einer Spitze, sowohl als Stiftehalter als auch als Make-up-Halter n\u00fctzlich<br \/>\n Ausgestattet mit zentralem Rei\u00dfverschluss. Perfekt als Geschenkidee.<\/p>\n<p>Material: Satin<br \/>\n L\u00e4nge: 20 cm (ca.)<\/p>\n","protected":false},"featured_media":470400,"template":"","meta":{"_acf_changed":false},"product_brand":[],"product_cat":[1470,1447],"product_tag":[],"class_list":{"0":"post-470396","1":"product","2":"type-product","3":"status-publish","4":"has-post-thumbnail","6":"product_cat-geschenkideen","7":"product_cat-zubehor","8":"pa_brand-sanscha","10":"first","11":"instock","12":"shipping-taxable","13":"purchasable","14":"product-type-simple"},"acf":[],"_links":{"self":[{"href":"https:\/\/www.letutudanza.it\/de\/wp-json\/wp\/v2\/product\/470396","targetHints":{"allow":["GET"]}}],"collection":[{"href":"https:\/\/www.letutudanza.it\/de\/wp-json\/wp\/v2\/product"}],"about":[{"href":"https:\/\/www.letutudanza.it\/de\/wp-json\/wp\/v2\/types\/product"}],"wp:featuredmedia":[{"embeddable":true,"href":"https:\/\/www.letutudanza.it\/de\/wp-json\/wp\/v2\/media\/470400"}],"wp:attachment":[{"href":"https:\/\/www.letutudanza.it\/de\/wp-json\/wp\/v2\/media?parent=470396"}],"wp:term":[{"taxonomy":"product_brand","embeddable":true,"href":"https:\/\/www.letutudanza.it\/de\/wp-json\/wp\/v2\/product_brand?post=470396"},{"taxonomy":"product_cat","embeddable":true,"href":"https:\/\/www.letutudanza.it\/de\/wp-json\/wp\/v2\/product_cat?post=470396"},{"taxonomy":"product_tag","embeddable":true,"href":"https:\/\/www.letutudanza.it\/de\/wp-json\/wp\/v2\/product_tag?post=470396"}],"curies":[{"name":"wp","href":"https:\/\/api.w.org\/{rel}","templated":true}]}}