{"id":470088,"date":"2025-02-20T18:17:38","date_gmt":"2025-02-20T17:17:38","guid":{"rendered":"https:\/\/letutudanza.it\/?post_type=product&#038;p=470088"},"modified":"2025-05-22T12:33:58","modified_gmt":"2025-05-22T10:33:58","slug":"chinesischer-hut-copia","status":"publish","type":"product","link":"https:\/\/www.letutudanza.it\/de\/prodotto\/chinesischer-hut-copia","title":{"rendered":"Kapit\u00e4nsm\u00fctze"},"content":{"rendered":"<p>Gr\u00f6\u00dfe f\u00fcr Erwachsene<\/p>\n","protected":false},"excerpt":{"rendered":"<p>Wei\u00dfe Kapit\u00e4nsm\u00fctze der Marine mit Themensymbol<br \/>\n Schirm in Glanzoptik, verstellbare Knopfleiste auf der R\u00fcckseite<\/p>\n<p> Material: 100% Polyester<\/p>\n","protected":false},"featured_media":470092,"template":"","meta":{"_acf_changed":false},"product_brand":[],"product_cat":[1506,2820,1447],"product_tag":[],"class_list":{"0":"post-470088","1":"product","2":"type-product","3":"status-publish","4":"has-post-thumbnail","6":"product_cat-zubehor-zeigen","7":"product_cat-hute-und-perucken","8":"product_cat-zubehor","9":"pa_brand-dl-tanzkleidung","11":"first","12":"instock","13":"shipping-taxable","14":"purchasable","15":"product-type-simple"},"acf":[],"_links":{"self":[{"href":"https:\/\/www.letutudanza.it\/de\/wp-json\/wp\/v2\/product\/470088","targetHints":{"allow":["GET"]}}],"collection":[{"href":"https:\/\/www.letutudanza.it\/de\/wp-json\/wp\/v2\/product"}],"about":[{"href":"https:\/\/www.letutudanza.it\/de\/wp-json\/wp\/v2\/types\/product"}],"wp:featuredmedia":[{"embeddable":true,"href":"https:\/\/www.letutudanza.it\/de\/wp-json\/wp\/v2\/media\/470092"}],"wp:attachment":[{"href":"https:\/\/www.letutudanza.it\/de\/wp-json\/wp\/v2\/media?parent=470088"}],"wp:term":[{"taxonomy":"product_brand","embeddable":true,"href":"https:\/\/www.letutudanza.it\/de\/wp-json\/wp\/v2\/product_brand?post=470088"},{"taxonomy":"product_cat","embeddable":true,"href":"https:\/\/www.letutudanza.it\/de\/wp-json\/wp\/v2\/product_cat?post=470088"},{"taxonomy":"product_tag","embeddable":true,"href":"https:\/\/www.letutudanza.it\/de\/wp-json\/wp\/v2\/product_tag?post=470088"}],"curies":[{"name":"wp","href":"https:\/\/api.w.org\/{rel}","templated":true}]}}