{"id":470051,"date":"2025-02-19T18:07:09","date_gmt":"2025-02-19T17:07:09","guid":{"rendered":"https:\/\/letutudanza.it\/?post_type=product&#038;p=470051"},"modified":"2025-09-24T18:00:23","modified_gmt":"2025-09-24T16:00:23","slug":"pridance-60-den-mikrofaser-tanzstrumpfhose-copia","status":"publish","type":"product","link":"https:\/\/www.letutudanza.it\/de\/prodotto\/pridance-60-den-mikrofaser-tanzstrumpfhose-copia","title":{"rendered":"60 den Mikrofaser-Tanzstrumpfhose, Puderfarbe"},"content":{"rendered":"<p>Sie trocknen schnell und sind resistent gegen Pilling.<\/p>\n<p> <strong>NB<\/strong> Farbe Cipria &#8211; g\u00fcltig solange der Vorrat reicht<\/p>\n","protected":false},"excerpt":{"rendered":"<p>3D-Strumpfhose mit hervorragender Elastizit\u00e4t, Atmungsaktivit\u00e4t und extremer Widerstandsf\u00e4higkeit.<br \/>\n Aus 60 Den Mikrofaser gefertigt und mit einem bequemen, Ton-in-Ton-Zwickel ausgestattet<\/p>\n<p> <strong>NB:<\/strong> Es ist nicht m\u00f6glich, \u00c4nderungen und\/oder R\u00fcckgaben f\u00fcr diesen Artikeltyp vorzunehmen<\/p>\n","protected":false},"featured_media":325942,"template":"","meta":{"_acf_changed":false},"product_brand":[],"product_cat":[1452,1451],"product_tag":[],"class_list":{"0":"post-470051","1":"product","2":"type-product","3":"status-publish","4":"has-post-thumbnail","6":"product_cat-zubehor-ausfuhrung","7":"product_cat-auslauf","8":"pa_brand-pridance-de","10":"first","11":"instock","12":"sale","13":"shipping-taxable","14":"purchasable","15":"product-type-variable"},"acf":[],"_links":{"self":[{"href":"https:\/\/www.letutudanza.it\/de\/wp-json\/wp\/v2\/product\/470051","targetHints":{"allow":["GET"]}}],"collection":[{"href":"https:\/\/www.letutudanza.it\/de\/wp-json\/wp\/v2\/product"}],"about":[{"href":"https:\/\/www.letutudanza.it\/de\/wp-json\/wp\/v2\/types\/product"}],"wp:featuredmedia":[{"embeddable":true,"href":"https:\/\/www.letutudanza.it\/de\/wp-json\/wp\/v2\/media\/325942"}],"wp:attachment":[{"href":"https:\/\/www.letutudanza.it\/de\/wp-json\/wp\/v2\/media?parent=470051"}],"wp:term":[{"taxonomy":"product_brand","embeddable":true,"href":"https:\/\/www.letutudanza.it\/de\/wp-json\/wp\/v2\/product_brand?post=470051"},{"taxonomy":"product_cat","embeddable":true,"href":"https:\/\/www.letutudanza.it\/de\/wp-json\/wp\/v2\/product_cat?post=470051"},{"taxonomy":"product_tag","embeddable":true,"href":"https:\/\/www.letutudanza.it\/de\/wp-json\/wp\/v2\/product_tag?post=470051"}],"curies":[{"name":"wp","href":"https:\/\/api.w.org\/{rel}","templated":true}]}}