{"id":469495,"date":"2022-07-19T19:21:17","date_gmt":"2022-07-19T17:21:17","guid":{"rendered":"https:\/\/letutudanza.it\/prodotto\/sonnenblumen-tanzfaecher"},"modified":"2025-05-22T12:40:15","modified_gmt":"2025-05-22T10:40:15","slug":"sonnenblumen-tanzfaecher","status":"publish","type":"product","link":"https:\/\/www.letutudanza.it\/de\/prodotto\/sonnenblumen-tanzfaecher","title":{"rendered":"Sonnenblumen-Tanzf\u00e4cher"},"content":{"rendered":"<p>Ideal f\u00fcr Charaktert\u00e4nze.<\/p>\n","protected":false},"excerpt":{"rendered":"<p>Kunststoffl\u00fcfterfarbe wie auf dem Foto<br \/>\n Zeichnung mit Blumen und wei\u00dfer Spitzenbord\u00fcre<br \/>\n Ma\u00dfnahmen. Offen 40cm, L\u00e4nge 23cm <\/p>\n","protected":false},"featured_media":326458,"template":"","meta":{"_acf_changed":false},"product_brand":[],"product_cat":[1506,2818,1447],"product_tag":[],"class_list":{"0":"post-469495","1":"product","2":"type-product","3":"status-publish","4":"has-post-thumbnail","6":"product_cat-zubehor-zeigen","7":"product_cat-requisiten","8":"product_cat-zubehor","10":"first","11":"instock","12":"shipping-taxable","13":"purchasable","14":"product-type-simple"},"acf":[],"_links":{"self":[{"href":"https:\/\/www.letutudanza.it\/de\/wp-json\/wp\/v2\/product\/469495","targetHints":{"allow":["GET"]}}],"collection":[{"href":"https:\/\/www.letutudanza.it\/de\/wp-json\/wp\/v2\/product"}],"about":[{"href":"https:\/\/www.letutudanza.it\/de\/wp-json\/wp\/v2\/types\/product"}],"wp:featuredmedia":[{"embeddable":true,"href":"https:\/\/www.letutudanza.it\/de\/wp-json\/wp\/v2\/media\/326458"}],"wp:attachment":[{"href":"https:\/\/www.letutudanza.it\/de\/wp-json\/wp\/v2\/media?parent=469495"}],"wp:term":[{"taxonomy":"product_brand","embeddable":true,"href":"https:\/\/www.letutudanza.it\/de\/wp-json\/wp\/v2\/product_brand?post=469495"},{"taxonomy":"product_cat","embeddable":true,"href":"https:\/\/www.letutudanza.it\/de\/wp-json\/wp\/v2\/product_cat?post=469495"},{"taxonomy":"product_tag","embeddable":true,"href":"https:\/\/www.letutudanza.it\/de\/wp-json\/wp\/v2\/product_tag?post=469495"}],"curies":[{"name":"wp","href":"https:\/\/api.w.org\/{rel}","templated":true}]}}