{"id":466285,"date":"2023-12-28T11:01:18","date_gmt":"2023-12-28T10:01:18","guid":{"rendered":"https:\/\/letutudanza.it\/?post_type=product&#038;p=466285"},"modified":"2025-01-05T18:53:58","modified_gmt":"2025-01-05T17:53:58","slug":"epifania-hellblaue-tanzsocke-limitierte-auflage-copia-2","status":"publish","type":"product","link":"https:\/\/www.letutudanza.it\/de\/prodotto\/epifania-hellblaue-tanzsocke-limitierte-auflage-copia-2","title":{"rendered":"Epifania Tanzstrumpf Silber\/Rosa (Limitierte Auflage)"},"content":{"rendered":"<p>Handgefertigter Strumpf in Form eines Spitzenschuhs f\u00fcr das Dreik\u00f6nigsfest.<\/p>\n<p>Zweifarbige Filzstruktur mit dem brandneuen Glitzer- und Tupfenmuster! Satinb\u00e4nder, die sich kreuzen und schleifen, fein verziert mit Steinen oder Strasssteinen.<\/p>\n","protected":false},"excerpt":{"rendered":"<p>Dreik\u00f6nigsstrumpf in Form eines Spitzenschuhs.<br \/>\n Hergestellt aus Fantasy-Glitzer-Samt am Beinteil und rosa Glitzerfilz am Zehenteil<br \/>\n \u00dcberkreuzte Satinb\u00e4nder, Trinette-Verzierungen und Bes\u00e4tze mit einem Detail oben am Artikel<br \/>\n Haken aus Satinband, der auch zum Aufh\u00e4ngen praktisch ist<\/p>\n","protected":false},"featured_media":466289,"template":"","meta":{"_acf_changed":false},"product_brand":[],"product_cat":[1470],"product_tag":[],"class_list":{"0":"post-466285","1":"product","2":"type-product","3":"status-publish","4":"has-post-thumbnail","6":"product_cat-geschenkideen","7":"pa_brand-dl-tanzkleidung","9":"first","10":"instock","11":"shipping-taxable","12":"purchasable","13":"product-type-simple"},"acf":[],"_links":{"self":[{"href":"https:\/\/www.letutudanza.it\/de\/wp-json\/wp\/v2\/product\/466285","targetHints":{"allow":["GET"]}}],"collection":[{"href":"https:\/\/www.letutudanza.it\/de\/wp-json\/wp\/v2\/product"}],"about":[{"href":"https:\/\/www.letutudanza.it\/de\/wp-json\/wp\/v2\/types\/product"}],"wp:featuredmedia":[{"embeddable":true,"href":"https:\/\/www.letutudanza.it\/de\/wp-json\/wp\/v2\/media\/466289"}],"wp:attachment":[{"href":"https:\/\/www.letutudanza.it\/de\/wp-json\/wp\/v2\/media?parent=466285"}],"wp:term":[{"taxonomy":"product_brand","embeddable":true,"href":"https:\/\/www.letutudanza.it\/de\/wp-json\/wp\/v2\/product_brand?post=466285"},{"taxonomy":"product_cat","embeddable":true,"href":"https:\/\/www.letutudanza.it\/de\/wp-json\/wp\/v2\/product_cat?post=466285"},{"taxonomy":"product_tag","embeddable":true,"href":"https:\/\/www.letutudanza.it\/de\/wp-json\/wp\/v2\/product_tag?post=466285"}],"curies":[{"name":"wp","href":"https:\/\/api.w.org\/{rel}","templated":true}]}}