{"id":466209,"date":"2024-12-19T12:22:03","date_gmt":"2024-12-19T11:22:03","guid":{"rendered":"https:\/\/letutudanza.it\/?post_type=product&#038;p=466209"},"modified":"2026-04-14T14:27:20","modified_gmt":"2026-04-14T12:27:20","slug":"tanztasche-copia","status":"publish","type":"product","link":"https:\/\/www.letutudanza.it\/de\/prodotto\/tanztasche-copia","title":{"rendered":"Tutu M\u00fcnzgeldb\u00f6rse"},"content":{"rendered":"<p>Pinke Geldb\u00f6rse mit Spikes-Print auf beiden Seiten<\/p>\n<p>Ma\u00dfe: ca. 10 x 9 x 2,5 cm<\/p>\n","protected":false},"excerpt":{"rendered":"<p>Geldb\u00f6rse mit doppelseitigem Tutu-Aufdruck<\/p>\n<p> Ma\u00dfe: ca. 11 x 9 x 8 cm<\/p>\n","protected":false},"featured_media":481735,"template":"","meta":{"_acf_changed":false},"product_brand":[],"product_cat":[1470],"product_tag":[],"class_list":{"0":"post-466209","1":"product","2":"type-product","3":"status-publish","4":"has-post-thumbnail","6":"product_cat-geschenkideen","7":"pa_brand-girardi-de","9":"first","10":"instock","11":"shipping-taxable","12":"purchasable","13":"product-type-simple"},"acf":[],"_links":{"self":[{"href":"https:\/\/www.letutudanza.it\/de\/wp-json\/wp\/v2\/product\/466209","targetHints":{"allow":["GET"]}}],"collection":[{"href":"https:\/\/www.letutudanza.it\/de\/wp-json\/wp\/v2\/product"}],"about":[{"href":"https:\/\/www.letutudanza.it\/de\/wp-json\/wp\/v2\/types\/product"}],"wp:featuredmedia":[{"embeddable":true,"href":"https:\/\/www.letutudanza.it\/de\/wp-json\/wp\/v2\/media\/481735"}],"wp:attachment":[{"href":"https:\/\/www.letutudanza.it\/de\/wp-json\/wp\/v2\/media?parent=466209"}],"wp:term":[{"taxonomy":"product_brand","embeddable":true,"href":"https:\/\/www.letutudanza.it\/de\/wp-json\/wp\/v2\/product_brand?post=466209"},{"taxonomy":"product_cat","embeddable":true,"href":"https:\/\/www.letutudanza.it\/de\/wp-json\/wp\/v2\/product_cat?post=466209"},{"taxonomy":"product_tag","embeddable":true,"href":"https:\/\/www.letutudanza.it\/de\/wp-json\/wp\/v2\/product_tag?post=466209"}],"curies":[{"name":"wp","href":"https:\/\/api.w.org\/{rel}","templated":true}]}}