{"id":466068,"date":"2024-12-09T16:12:47","date_gmt":"2024-12-09T15:12:47","guid":{"rendered":"https:\/\/letutudanza.it\/?post_type=product&#038;p=466068"},"modified":"2025-12-17T13:10:57","modified_gmt":"2025-12-17T12:10:57","slug":"bloch-pixel-capo-tanzfuswarmer-limited-edition-copia-2","status":"publish","type":"product","link":"https:\/\/www.letutudanza.it\/de\/prodotto\/bloch-pixel-capo-tanzfuswarmer-limited-edition-copia-2","title":{"rendered":"Bloch Diamond B Dance Fu\u00dfw\u00e4rmer (Limitierte Auflage)"},"content":{"rendered":"<p>Entworfen von den K\u00fcnstlern Bloch und den ehemaligen T\u00e4nzern des American Ballet Theatre, Irina Dvorovenko und Max Beloserkovsky.<br \/>\n Sehr n\u00fctzlich, um es vor dem Auftritt zu tragen oder um die F\u00fc\u00dfe zwischen den Unterrichtsstunden warm zu halten.<br \/>\n Bequem und praktisch auch \u00fcber Schuhen (in diesem Fall empfehlen wir den Kauf einer gr\u00f6\u00dferen Gr\u00f6\u00dfe zum Gehen)<\/p>\n","protected":false},"excerpt":{"rendered":"<p>Bloch-Fu\u00dfw\u00e4rmer bestehen aus 100 % Nylon mit einem Futter aus 100 % Polyester.<br \/>\n Dadurch wird dem Fu\u00df au\u00dfergew\u00f6hnliche W\u00e4rme und Komfort geboten.<\/p>\n<ul>\n<li>Verstellbarer Kordelzug oben am Stiefel f\u00fcr eine perfekte Passform<\/li>\n<li>Der kn\u00f6chelhohe Klettverschluss mit gummiertem Bloch-Logo erleichtert das Anziehen<\/li>\n<li>Gepolsterte Ferse<\/li>\n<li>Rutschfeste Sohle<\/li>\n<li>BLOCH \u201eB\u201c Diamant-Monogrammdruck<\/li>\n<\/ul>\n","protected":false},"featured_media":466078,"template":"","meta":{"_acf_changed":false},"product_brand":[],"product_cat":[1452,2096,1513,1522,1451,1447,1448],"product_tag":[],"class_list":{"0":"post-466068","1":"product","2":"type-product","3":"status-publish","4":"has-post-thumbnail","6":"product_cat-zubehor-ausfuhrung","7":"product_cat-fusswarmer","8":"product_cat-kleidung","9":"product_cat-sich-warm-laufen","10":"product_cat-auslauf","11":"product_cat-zubehor","12":"product_cat-zubehor-fur-schuhe-und-fusse","13":"pa_brand-bloch-de","15":"first","16":"instock","17":"sale","18":"shipping-taxable","19":"purchasable","20":"product-type-variable"},"acf":[],"_links":{"self":[{"href":"https:\/\/www.letutudanza.it\/de\/wp-json\/wp\/v2\/product\/466068","targetHints":{"allow":["GET"]}}],"collection":[{"href":"https:\/\/www.letutudanza.it\/de\/wp-json\/wp\/v2\/product"}],"about":[{"href":"https:\/\/www.letutudanza.it\/de\/wp-json\/wp\/v2\/types\/product"}],"wp:featuredmedia":[{"embeddable":true,"href":"https:\/\/www.letutudanza.it\/de\/wp-json\/wp\/v2\/media\/466078"}],"wp:attachment":[{"href":"https:\/\/www.letutudanza.it\/de\/wp-json\/wp\/v2\/media?parent=466068"}],"wp:term":[{"taxonomy":"product_brand","embeddable":true,"href":"https:\/\/www.letutudanza.it\/de\/wp-json\/wp\/v2\/product_brand?post=466068"},{"taxonomy":"product_cat","embeddable":true,"href":"https:\/\/www.letutudanza.it\/de\/wp-json\/wp\/v2\/product_cat?post=466068"},{"taxonomy":"product_tag","embeddable":true,"href":"https:\/\/www.letutudanza.it\/de\/wp-json\/wp\/v2\/product_tag?post=466068"}],"curies":[{"name":"wp","href":"https:\/\/api.w.org\/{rel}","templated":true}]}}