{"id":465935,"date":"2024-12-04T17:56:20","date_gmt":"2024-12-04T16:56:20","guid":{"rendered":"https:\/\/letutudanza.it\/?post_type=product&#038;p=465935"},"modified":"2025-11-21T17:11:35","modified_gmt":"2025-11-21T16:11:35","slug":"kosmetik-tanzkoffer-mittlerer-grose-copia","status":"publish","type":"product","link":"https:\/\/www.letutudanza.it\/de\/prodotto\/kosmetik-tanzkoffer-mittlerer-grose-copia","title":{"rendered":"Kosmetik-\/Tanzkoffer, kleine Gr\u00f6\u00dfe"},"content":{"rendered":"","protected":false},"excerpt":{"rendered":"<p>Kosmetiktasche in Aktentaschenform mit Aufdrucken zum Thema Tanz.<br \/>\n Innenspiegel.<br \/>\n Das ideale Zubeh\u00f6r, um alles, was Sie f\u00fcr Tanzshows ben\u00f6tigen, in Ordnung zu halten.<\/p>\n<p> Ma\u00dfe: 18,5 x 10 x 10,5 cm<\/p>\n","protected":false},"featured_media":465939,"template":"","meta":{"_acf_changed":false},"product_brand":[],"product_cat":[1470,1447],"product_tag":[],"class_list":{"0":"post-465935","1":"product","2":"type-product","3":"status-publish","4":"has-post-thumbnail","6":"product_cat-geschenkideen","7":"product_cat-zubehor","8":"pa_brand-girardi-de","10":"first","11":"instock","12":"shipping-taxable","13":"purchasable","14":"product-type-simple"},"acf":[],"_links":{"self":[{"href":"https:\/\/www.letutudanza.it\/de\/wp-json\/wp\/v2\/product\/465935","targetHints":{"allow":["GET"]}}],"collection":[{"href":"https:\/\/www.letutudanza.it\/de\/wp-json\/wp\/v2\/product"}],"about":[{"href":"https:\/\/www.letutudanza.it\/de\/wp-json\/wp\/v2\/types\/product"}],"wp:featuredmedia":[{"embeddable":true,"href":"https:\/\/www.letutudanza.it\/de\/wp-json\/wp\/v2\/media\/465939"}],"wp:attachment":[{"href":"https:\/\/www.letutudanza.it\/de\/wp-json\/wp\/v2\/media?parent=465935"}],"wp:term":[{"taxonomy":"product_brand","embeddable":true,"href":"https:\/\/www.letutudanza.it\/de\/wp-json\/wp\/v2\/product_brand?post=465935"},{"taxonomy":"product_cat","embeddable":true,"href":"https:\/\/www.letutudanza.it\/de\/wp-json\/wp\/v2\/product_cat?post=465935"},{"taxonomy":"product_tag","embeddable":true,"href":"https:\/\/www.letutudanza.it\/de\/wp-json\/wp\/v2\/product_tag?post=465935"}],"curies":[{"name":"wp","href":"https:\/\/api.w.org\/{rel}","templated":true}]}}