{"id":465827,"date":"2024-11-30T18:19:22","date_gmt":"2024-11-30T17:19:22","guid":{"rendered":"https:\/\/letutudanza.it\/prodotto\/ballerina-lunchtasche-bloch-mintgruen"},"modified":"2024-12-25T12:48:07","modified_gmt":"2024-12-25T11:48:07","slug":"ballerina-lunchtasche-bloch-mintgruen","status":"publish","type":"product","link":"https:\/\/www.letutudanza.it\/de\/prodotto\/ballerina-lunchtasche-bloch-mintgruen","title":{"rendered":"Ballerina Bloch Tiffany Green Lunchtasche"},"content":{"rendered":"<p>Machen Sie jedes Mittagessen zu einem besonderen Anlass!<\/p>\n<p> Eigenschaften<br \/>\n \u2022 Zwei F\u00e4cher mit Rei\u00dfverschluss und goldener Hardware<br \/>\n \u2022 Isolierter und waschbarer Innenraum<br \/>\n \u2022 Tragbarer Tragegriff oben<br \/>\n \u2022 Aufgedrucktes Ballerina-Motiv<br \/>\n \u2022 Glitzernde Seiteneins\u00e4tze<\/p>\n","protected":false},"excerpt":{"rendered":"<p>Die Bloch Ballerina Lunchbox ist auf die Bed\u00fcrfnisse kleiner Ballerinas zugeschnitten: Sie verf\u00fcgt \u00fcber zwei praktische Rei\u00dfverschlussf\u00e4cher, in denen Snacks und\/oder Mahlzeiten gut organisiert aufbewahrt werden k\u00f6nnen.<br \/>\n Der isolierende und waschbare Innenraum garantiert Frische und einfache Reinigung, w\u00e4hrend die glitzernden Seitenw\u00e4nde, erg\u00e4nzt durch goldene Beschl\u00e4ge, ihm einen Hauch von Eleganz verleihen<\/p>\n<p> Abmessungen: B25 x H14 x T16 cm<\/p>\n","protected":false},"featured_media":465825,"template":"","meta":{"_acf_changed":false},"product_brand":[],"product_cat":[1447,1470],"product_tag":[],"class_list":{"0":"post-465827","1":"product","2":"type-product","3":"status-publish","4":"has-post-thumbnail","6":"product_cat-zubehor","7":"product_cat-geschenkideen","8":"pa_brand-bloch-de","10":"first","11":"instock","12":"sale","13":"shipping-taxable","14":"purchasable","15":"product-type-simple"},"acf":[],"_links":{"self":[{"href":"https:\/\/www.letutudanza.it\/de\/wp-json\/wp\/v2\/product\/465827","targetHints":{"allow":["GET"]}}],"collection":[{"href":"https:\/\/www.letutudanza.it\/de\/wp-json\/wp\/v2\/product"}],"about":[{"href":"https:\/\/www.letutudanza.it\/de\/wp-json\/wp\/v2\/types\/product"}],"wp:featuredmedia":[{"embeddable":true,"href":"https:\/\/www.letutudanza.it\/de\/wp-json\/wp\/v2\/media\/465825"}],"wp:attachment":[{"href":"https:\/\/www.letutudanza.it\/de\/wp-json\/wp\/v2\/media?parent=465827"}],"wp:term":[{"taxonomy":"product_brand","embeddable":true,"href":"https:\/\/www.letutudanza.it\/de\/wp-json\/wp\/v2\/product_brand?post=465827"},{"taxonomy":"product_cat","embeddable":true,"href":"https:\/\/www.letutudanza.it\/de\/wp-json\/wp\/v2\/product_cat?post=465827"},{"taxonomy":"product_tag","embeddable":true,"href":"https:\/\/www.letutudanza.it\/de\/wp-json\/wp\/v2\/product_tag?post=465827"}],"curies":[{"name":"wp","href":"https:\/\/api.w.org\/{rel}","templated":true}]}}