{"id":465725,"date":"2024-11-30T13:47:59","date_gmt":"2024-11-30T12:47:59","guid":{"rendered":"https:\/\/letutudanza.it\/?post_type=product&#038;p=465725"},"modified":"2024-12-25T12:48:10","modified_gmt":"2024-12-25T11:48:10","slug":"ballerina-halskette-mit-allonge-strasssteinen-copia","status":"publish","type":"product","link":"https:\/\/www.letutudanza.it\/de\/prodotto\/ballerina-halskette-mit-allonge-strasssteinen-copia","title":{"rendered":"Halskette mit Ballerina in Pass\u00e9"},"content":{"rendered":"<p>Chokerkette aus Stahl mit arabesken Ballerina-Anh\u00e4nger, verziert mit rosa Strasssteinen.<\/p>\n<p>Kettenl\u00e4nge ca. 43 cm.<br \/>\nAnh\u00e4ngergr\u00f6\u00dfe ca. 2,8 cm.<\/p>\n<p>NB: Gratis zu diesem Artikel Rosa Geschenkbox (Gr\u00f6\u00dfe 6,7&#215;5,1&#215;2,6 cm)<\/p>\n","protected":false},"excerpt":{"rendered":"<p>Halskette mit Ballerina in pass\u00e9 aus Messing gefertigt und mit Zirkonen veredelt.<\/p>\n<p> Verstellbare Kettenl\u00e4nge ca. 39\/44 cm.<br \/>\n Anh\u00e4ngerh\u00f6he ca. 1,9 cm.<\/p>\n<p> Hinweis: Gratis zu diesem Artikel: rosa Geschenkbox (Ma\u00dfe 6,7 x 5,1 x 2,6 cm)<\/p>\n","protected":false},"featured_media":465729,"template":"","meta":{"_acf_changed":false},"product_brand":[],"product_cat":[1470],"product_tag":[],"class_list":{"0":"post-465725","1":"product","2":"type-product","3":"status-publish","4":"has-post-thumbnail","6":"product_cat-geschenkideen","7":"pa_brand-girardi-de","9":"first","10":"instock","11":"shipping-taxable","12":"purchasable","13":"product-type-simple"},"acf":[],"_links":{"self":[{"href":"https:\/\/www.letutudanza.it\/de\/wp-json\/wp\/v2\/product\/465725","targetHints":{"allow":["GET"]}}],"collection":[{"href":"https:\/\/www.letutudanza.it\/de\/wp-json\/wp\/v2\/product"}],"about":[{"href":"https:\/\/www.letutudanza.it\/de\/wp-json\/wp\/v2\/types\/product"}],"wp:featuredmedia":[{"embeddable":true,"href":"https:\/\/www.letutudanza.it\/de\/wp-json\/wp\/v2\/media\/465729"}],"wp:attachment":[{"href":"https:\/\/www.letutudanza.it\/de\/wp-json\/wp\/v2\/media?parent=465725"}],"wp:term":[{"taxonomy":"product_brand","embeddable":true,"href":"https:\/\/www.letutudanza.it\/de\/wp-json\/wp\/v2\/product_brand?post=465725"},{"taxonomy":"product_cat","embeddable":true,"href":"https:\/\/www.letutudanza.it\/de\/wp-json\/wp\/v2\/product_cat?post=465725"},{"taxonomy":"product_tag","embeddable":true,"href":"https:\/\/www.letutudanza.it\/de\/wp-json\/wp\/v2\/product_tag?post=465725"}],"curies":[{"name":"wp","href":"https:\/\/api.w.org\/{rel}","templated":true}]}}