{"id":464924,"date":"2024-10-12T14:49:16","date_gmt":"2024-10-12T12:49:16","guid":{"rendered":"https:\/\/letutudanza.it\/prodotto\/sansha-tanztasche-spitzenschuhe"},"modified":"2025-12-10T15:09:42","modified_gmt":"2025-12-10T14:09:42","slug":"sansha-tanztasche-spitzenschuhe","status":"publish","type":"product","link":"https:\/\/www.letutudanza.it\/de\/prodotto\/sansha-tanztasche-spitzenschuhe","title":{"rendered":"Sansha Tanztasche Spitzenschuhe"},"content":{"rendered":"<p><strong>WEITERE FUNKTIONEN<\/strong><\/p>\n<ul>\n<li>Rei\u00dfverschluss und rosafarbene Ballettschuh-Schieber<\/li>\n<li>zwei Au\u00dfentaschen, eine vorne mit Schuhaufdruck und die andere seitlich zur Aufnahme der Spitzen, beide mit Rei\u00dfverschluss verschlossen<\/li>\n<li>ger\u00e4umiger Innenraum mit vier offenen Taschen<\/li>\n<li>schwarz\/rosa \u201eDance\u201c-Druck auf der R\u00fcckseite<\/li>\n<li>Stoffzusammensetzung: 100 % Nylon<\/li>\n<li>Handw\u00e4sche mit feuchtem Tuch<\/li>\n<\/ul>\n<p>Das ideale Zubeh\u00f6r f\u00fcr kleine T\u00e4nzer, die sich auf den Tanzunterricht vorbereiten<\/p>\n","protected":false},"excerpt":{"rendered":"<p>Diese praktische Tasche besteht aus strapazierf\u00e4higem Nylon mit verst\u00e4rkten Kanten, Griffen und einem verstellbaren und abnehmbaren Schultergurt<br \/>\n Es ist schwarz und verf\u00fcgt au\u00dferdem \u00fcber eine Vordertasche mit Rei\u00dfverschluss und rosa Aufdruck<\/p>\n<p> Ma\u00dfe: 41&#215;15,5&#215;24 cm<\/p>\n","protected":false},"featured_media":464922,"template":"","meta":{"_acf_changed":false},"product_brand":[],"product_cat":[1505,1447],"product_tag":[],"class_list":{"0":"post-464924","1":"product","2":"type-product","3":"status-publish","4":"has-post-thumbnail","6":"product_cat-tanztaschen-und-tutu-tasche","7":"product_cat-zubehor","8":"pa_brand-sanscha","10":"first","11":"outofstock","12":"shipping-taxable","13":"purchasable","14":"product-type-simple"},"acf":[],"_links":{"self":[{"href":"https:\/\/www.letutudanza.it\/de\/wp-json\/wp\/v2\/product\/464924","targetHints":{"allow":["GET"]}}],"collection":[{"href":"https:\/\/www.letutudanza.it\/de\/wp-json\/wp\/v2\/product"}],"about":[{"href":"https:\/\/www.letutudanza.it\/de\/wp-json\/wp\/v2\/types\/product"}],"wp:featuredmedia":[{"embeddable":true,"href":"https:\/\/www.letutudanza.it\/de\/wp-json\/wp\/v2\/media\/464922"}],"wp:attachment":[{"href":"https:\/\/www.letutudanza.it\/de\/wp-json\/wp\/v2\/media?parent=464924"}],"wp:term":[{"taxonomy":"product_brand","embeddable":true,"href":"https:\/\/www.letutudanza.it\/de\/wp-json\/wp\/v2\/product_brand?post=464924"},{"taxonomy":"product_cat","embeddable":true,"href":"https:\/\/www.letutudanza.it\/de\/wp-json\/wp\/v2\/product_cat?post=464924"},{"taxonomy":"product_tag","embeddable":true,"href":"https:\/\/www.letutudanza.it\/de\/wp-json\/wp\/v2\/product_tag?post=464924"}],"curies":[{"name":"wp","href":"https:\/\/api.w.org\/{rel}","templated":true}]}}