{"id":457517,"date":"2024-09-27T10:30:05","date_gmt":"2024-09-27T08:30:05","guid":{"rendered":"https:\/\/letutudanza.it\/prodotto\/schwarzer-jazzschuh-capezio-nova-modell"},"modified":"2026-02-20T13:24:07","modified_gmt":"2026-02-20T12:24:07","slug":"schwarzer-jazzschuh-capezio-nova-modell","status":"publish","type":"product","link":"https:\/\/www.letutudanza.it\/de\/prodotto\/schwarzer-jazzschuh-capezio-nova-modell","title":{"rendered":"Schwarzer Jazzschuh Capezio Nova Modell"},"content":{"rendered":"<p>NOVA vereint Komfort, Sicherheit und maximale Bequemlichkeit und wird f\u00fcr alle Altersgruppen und Tanzniveaus empfohlen.<\/p>\n<h3><strong>Produktmerkmale:<\/strong><\/h3>\n<ul>\n<li>Obermaterial 100 % Leder, Ferse und Sohle aus EVA<\/li>\n<li>Schuh mit geteilter Sohle<\/li>\n<li>Atmungsaktives Baumwollfutter<\/li>\n<li>Neoprenbogen<\/li>\n<li>Elastische Bindung, ohne Kordelzug<\/li>\n<\/ul>\n<p>Der Schuh ist in einem wiederverschlie\u00dfbaren Beutel aus 100 % recycelten und recycelbaren Materialien verpackt.<\/p>\n","protected":false},"excerpt":{"rendered":"<p>Der erste Jazzschuh im Capezio Essentials-Sortiment.<br \/>\n Dank des Neoprenbogens, der den Fu\u00df beim Strecken und Beugen umschlie\u00dft, erm\u00f6glicht Nova T\u00e4nzern aller Niveaus bequemes Tanzen. Obermaterial aus 100 % weichem Leder, geteilte EVA-Sohle und Baumwollfutter, um den Fu\u00df trocken zu halten. <\/p>\n<p>Es empfiehlt sich, eine Nummer gr\u00f6\u00dfer als die Gehgr\u00f6\u00dfe zu kaufen.<\/p>\n","protected":false},"featured_media":457508,"template":"","meta":{"_acf_changed":false},"product_brand":[],"product_cat":[1836,1617],"product_tag":[],"class_list":{"0":"post-457517","1":"product","2":"type-product","3":"status-publish","4":"has-post-thumbnail","6":"product_cat-sneakers-und-jazzschuhe","7":"product_cat-schuhe","8":"pa_brand-capezio-de","10":"first","11":"instock","12":"shipping-taxable","13":"purchasable","14":"product-type-variable"},"acf":[],"_links":{"self":[{"href":"https:\/\/www.letutudanza.it\/de\/wp-json\/wp\/v2\/product\/457517","targetHints":{"allow":["GET"]}}],"collection":[{"href":"https:\/\/www.letutudanza.it\/de\/wp-json\/wp\/v2\/product"}],"about":[{"href":"https:\/\/www.letutudanza.it\/de\/wp-json\/wp\/v2\/types\/product"}],"wp:featuredmedia":[{"embeddable":true,"href":"https:\/\/www.letutudanza.it\/de\/wp-json\/wp\/v2\/media\/457508"}],"wp:attachment":[{"href":"https:\/\/www.letutudanza.it\/de\/wp-json\/wp\/v2\/media?parent=457517"}],"wp:term":[{"taxonomy":"product_brand","embeddable":true,"href":"https:\/\/www.letutudanza.it\/de\/wp-json\/wp\/v2\/product_brand?post=457517"},{"taxonomy":"product_cat","embeddable":true,"href":"https:\/\/www.letutudanza.it\/de\/wp-json\/wp\/v2\/product_cat?post=457517"},{"taxonomy":"product_tag","embeddable":true,"href":"https:\/\/www.letutudanza.it\/de\/wp-json\/wp\/v2\/product_tag?post=457517"}],"curies":[{"name":"wp","href":"https:\/\/api.w.org\/{rel}","templated":true}]}}