{"id":457370,"date":"2024-09-23T15:46:45","date_gmt":"2024-09-23T13:46:45","guid":{"rendered":"https:\/\/letutudanza.it\/?post_type=product&#038;p=457370"},"modified":"2026-04-07T17:03:50","modified_gmt":"2026-04-07T15:03:50","slug":"kurzer-fleece-trainingsanzug-mit-aufdruck-copia","status":"publish","type":"product","link":"https:\/\/www.letutudanza.it\/de\/prodotto\/kurzer-fleece-trainingsanzug-mit-aufdruck-copia","title":{"rendered":"Tanzw\u00e4rmer-Overall-Shorts mit Kn\u00f6pfen"},"content":{"rendered":"<p>Halbarm-Body aus altrosa Mikrofaser.<br \/>\n\u00c4rmelr\u00e4nder aus wei\u00dfem Lycra.<br \/>\nVorne gef\u00fcttert<\/p>\n","protected":false},"excerpt":{"rendered":"<p>Aufw\u00e4rmanzug f\u00fcr Tanz mit olympischem Kragen, Shorts-Stil.<br \/>\n Aus blauem Rippstrick gefertigt, mit Knopfverschluss vorne.<br \/>\n Tanzmotiv an der Seite<\/p>\n<p> Letzte verf\u00fcgbare Gr\u00f6\u00dfe S<\/p>\n","protected":false},"featured_media":324568,"template":"","meta":{"_acf_changed":false},"product_brand":[],"product_cat":[1511,1522,1451],"product_tag":[],"class_list":{"0":"post-457370","1":"product","2":"type-product","3":"status-publish","4":"has-post-thumbnail","6":"product_cat-bekleidungs-outlet","7":"product_cat-sich-warm-laufen","8":"product_cat-auslauf","10":"first","11":"instock","12":"sale","13":"shipping-taxable","14":"purchasable","15":"product-type-simple"},"acf":[],"_links":{"self":[{"href":"https:\/\/www.letutudanza.it\/de\/wp-json\/wp\/v2\/product\/457370","targetHints":{"allow":["GET"]}}],"collection":[{"href":"https:\/\/www.letutudanza.it\/de\/wp-json\/wp\/v2\/product"}],"about":[{"href":"https:\/\/www.letutudanza.it\/de\/wp-json\/wp\/v2\/types\/product"}],"wp:featuredmedia":[{"embeddable":true,"href":"https:\/\/www.letutudanza.it\/de\/wp-json\/wp\/v2\/media\/324568"}],"wp:attachment":[{"href":"https:\/\/www.letutudanza.it\/de\/wp-json\/wp\/v2\/media?parent=457370"}],"wp:term":[{"taxonomy":"product_brand","embeddable":true,"href":"https:\/\/www.letutudanza.it\/de\/wp-json\/wp\/v2\/product_brand?post=457370"},{"taxonomy":"product_cat","embeddable":true,"href":"https:\/\/www.letutudanza.it\/de\/wp-json\/wp\/v2\/product_cat?post=457370"},{"taxonomy":"product_tag","embeddable":true,"href":"https:\/\/www.letutudanza.it\/de\/wp-json\/wp\/v2\/product_tag?post=457370"}],"curies":[{"name":"wp","href":"https:\/\/api.w.org\/{rel}","templated":true}]}}