{"id":450913,"date":"2024-09-09T11:33:56","date_gmt":"2024-09-09T09:33:56","guid":{"rendered":"https:\/\/letutudanza.it\/prodotto\/pullover-mit-u-boot-ausschnitt-und-tanktop-effekt"},"modified":"2026-04-07T15:55:56","modified_gmt":"2026-04-07T13:55:56","slug":"pullover-mit-u-boot-ausschnitt-und-tanktop-effekt","status":"publish","type":"product","link":"https:\/\/www.letutudanza.it\/de\/prodotto\/pullover-mit-u-boot-ausschnitt-und-tanktop-effekt","title":{"rendered":"Pullover mit U-Boot-Ausschnitt und Tanktop-Effekt"},"content":{"rendered":"","protected":false},"excerpt":{"rendered":"<p>Halb\u00e4rmeliges T-Shirt mit U-Boot-Ausschnitt aus schwarzer Baumwolle.<br \/>\n Am Ausschnitt eingesetztes Tanktop aus Mikrofaserimitat in Gelb.<\/p>\n<p> Nur ein St\u00fcck verf\u00fcgbar, Gr\u00f6\u00dfe M<\/p>\n","protected":false},"featured_media":450911,"template":"","meta":{"_acf_changed":false},"product_brand":[],"product_cat":[1511,1451],"product_tag":[],"class_list":{"0":"post-450913","1":"product","2":"type-product","3":"status-publish","4":"has-post-thumbnail","6":"product_cat-bekleidungs-outlet","7":"product_cat-auslauf","8":"pa_brand-dl-tanzkleidung","10":"first","11":"instock","12":"sale","13":"shipping-taxable","14":"purchasable","15":"product-type-simple"},"acf":[],"_links":{"self":[{"href":"https:\/\/www.letutudanza.it\/de\/wp-json\/wp\/v2\/product\/450913","targetHints":{"allow":["GET"]}}],"collection":[{"href":"https:\/\/www.letutudanza.it\/de\/wp-json\/wp\/v2\/product"}],"about":[{"href":"https:\/\/www.letutudanza.it\/de\/wp-json\/wp\/v2\/types\/product"}],"wp:featuredmedia":[{"embeddable":true,"href":"https:\/\/www.letutudanza.it\/de\/wp-json\/wp\/v2\/media\/450911"}],"wp:attachment":[{"href":"https:\/\/www.letutudanza.it\/de\/wp-json\/wp\/v2\/media?parent=450913"}],"wp:term":[{"taxonomy":"product_brand","embeddable":true,"href":"https:\/\/www.letutudanza.it\/de\/wp-json\/wp\/v2\/product_brand?post=450913"},{"taxonomy":"product_cat","embeddable":true,"href":"https:\/\/www.letutudanza.it\/de\/wp-json\/wp\/v2\/product_cat?post=450913"},{"taxonomy":"product_tag","embeddable":true,"href":"https:\/\/www.letutudanza.it\/de\/wp-json\/wp\/v2\/product_tag?post=450913"}],"curies":[{"name":"wp","href":"https:\/\/api.w.org\/{rel}","templated":true}]}}