{"id":450750,"date":"2024-09-09T11:03:51","date_gmt":"2024-09-09T09:03:51","guid":{"rendered":"https:\/\/letutudanza.it\/?post_type=product&#038;p=450750"},"modified":"2026-04-20T14:26:36","modified_gmt":"2026-04-20T12:26:36","slug":"graues-gekreuztes-tanzoberteil-mutze-mit-herzausschnitt-aus-lycra-copia","status":"publish","type":"product","link":"https:\/\/www.letutudanza.it\/de\/prodotto\/graues-gekreuztes-tanzoberteil-mutze-mit-herzausschnitt-aus-lycra-copia","title":{"rendered":"Zweifarbiges Lycra-Crossover-Tanztop\/Schulterj\u00e4ckchen"},"content":{"rendered":"<p>Ideal als Tanzw\u00e4rmer als Alternative zu Wolle.<\/p>\n","protected":false},"excerpt":{"rendered":"<p>Wickeloberteil aus schwarzem Lycra. Kontrastfarbene B\u00fcndchen und Manschetten.<br \/>\n Artikel nur in Gr\u00f6\u00dfe S erh\u00e4ltlich <\/p>\n<p>Hinweis: Die Farbe bei der Variantenauswahl bezieht sich auf die Eins\u00e4tze (wie auf dem Foto).<\/p>\n","protected":false},"featured_media":471186,"template":"","meta":{"_acf_changed":false},"product_brand":[],"product_cat":[1511,1451],"product_tag":[],"class_list":{"0":"post-450750","1":"product","2":"type-product","3":"status-publish","4":"has-post-thumbnail","6":"product_cat-bekleidungs-outlet","7":"product_cat-auslauf","8":"pa_brand-dl-tanzkleidung","10":"first","11":"instock","12":"sale","13":"shipping-taxable","14":"purchasable","15":"product-type-variable"},"acf":[],"_links":{"self":[{"href":"https:\/\/www.letutudanza.it\/de\/wp-json\/wp\/v2\/product\/450750","targetHints":{"allow":["GET"]}}],"collection":[{"href":"https:\/\/www.letutudanza.it\/de\/wp-json\/wp\/v2\/product"}],"about":[{"href":"https:\/\/www.letutudanza.it\/de\/wp-json\/wp\/v2\/types\/product"}],"wp:featuredmedia":[{"embeddable":true,"href":"https:\/\/www.letutudanza.it\/de\/wp-json\/wp\/v2\/media\/471186"}],"wp:attachment":[{"href":"https:\/\/www.letutudanza.it\/de\/wp-json\/wp\/v2\/media?parent=450750"}],"wp:term":[{"taxonomy":"product_brand","embeddable":true,"href":"https:\/\/www.letutudanza.it\/de\/wp-json\/wp\/v2\/product_brand?post=450750"},{"taxonomy":"product_cat","embeddable":true,"href":"https:\/\/www.letutudanza.it\/de\/wp-json\/wp\/v2\/product_cat?post=450750"},{"taxonomy":"product_tag","embeddable":true,"href":"https:\/\/www.letutudanza.it\/de\/wp-json\/wp\/v2\/product_tag?post=450750"}],"curies":[{"name":"wp","href":"https:\/\/api.w.org\/{rel}","templated":true}]}}