{"id":450711,"date":"2024-09-09T10:26:38","date_gmt":"2024-09-09T08:26:38","guid":{"rendered":"https:\/\/letutudanza.it\/?post_type=product&#038;p=450711"},"modified":"2024-12-25T12:48:32","modified_gmt":"2024-12-25T11:48:32","slug":"skating-body-mit-rock-copia","status":"publish","type":"product","link":"https:\/\/www.letutudanza.it\/de\/prodotto\/skating-body-mit-rock-copia","title":{"rendered":"Oberteil mit halben \u00c4rmeln und \u00dcberkreuzungen"},"content":{"rendered":"<p>Skater-Body aus Lycra mit Paint-Splash-Effekt. Halb\u00e4rmliger Bodysuit mit flie\u00dfenden Locken an der Brust und am unteren R\u00fccken. Rock mit langer Spitze auf der R\u00fcckseite (spezielles Modell zum Skaten).<\/p>\n","protected":false},"excerpt":{"rendered":"<p>Oberteil aus Fantasy-Lycra mit Farbspritzer-Effekt.<br \/>\n Halblange \u00c4rmel, flie\u00dfende Raffungen an der Brust und ein tiefer Ausschnitt am R\u00fccken, abgerundet durch breite, gekreuzte B\u00e4nder<\/p>\n<p>&nbsp;<\/p>\n","protected":false},"featured_media":450721,"template":"","meta":{"_acf_changed":false},"product_brand":[],"product_cat":[1511,1451],"product_tag":[],"class_list":{"0":"post-450711","1":"product","2":"type-product","3":"status-publish","4":"has-post-thumbnail","6":"product_cat-bekleidungs-outlet","7":"product_cat-auslauf","8":"pa_brand-dl-tanzkleidung","10":"first","11":"instock","12":"sale","13":"shipping-taxable","14":"purchasable","15":"product-type-variable"},"acf":[],"_links":{"self":[{"href":"https:\/\/www.letutudanza.it\/de\/wp-json\/wp\/v2\/product\/450711","targetHints":{"allow":["GET"]}}],"collection":[{"href":"https:\/\/www.letutudanza.it\/de\/wp-json\/wp\/v2\/product"}],"about":[{"href":"https:\/\/www.letutudanza.it\/de\/wp-json\/wp\/v2\/types\/product"}],"wp:featuredmedia":[{"embeddable":true,"href":"https:\/\/www.letutudanza.it\/de\/wp-json\/wp\/v2\/media\/450721"}],"wp:attachment":[{"href":"https:\/\/www.letutudanza.it\/de\/wp-json\/wp\/v2\/media?parent=450711"}],"wp:term":[{"taxonomy":"product_brand","embeddable":true,"href":"https:\/\/www.letutudanza.it\/de\/wp-json\/wp\/v2\/product_brand?post=450711"},{"taxonomy":"product_cat","embeddable":true,"href":"https:\/\/www.letutudanza.it\/de\/wp-json\/wp\/v2\/product_cat?post=450711"},{"taxonomy":"product_tag","embeddable":true,"href":"https:\/\/www.letutudanza.it\/de\/wp-json\/wp\/v2\/product_tag?post=450711"}],"curies":[{"name":"wp","href":"https:\/\/api.w.org\/{rel}","templated":true}]}}