{"id":446487,"date":"2024-09-03T10:23:21","date_gmt":"2024-09-03T08:23:21","guid":{"rendered":"https:\/\/letutudanza.it\/prodotto\/capezio-rucksack-mit-pailletten-tutu"},"modified":"2024-12-25T12:48:33","modified_gmt":"2024-12-25T11:48:33","slug":"capezio-rucksack-mit-pailletten-tutu","status":"publish","type":"product","link":"https:\/\/www.letutudanza.it\/de\/prodotto\/capezio-rucksack-mit-pailletten-tutu","title":{"rendered":"Capezio Rucksack mit Pailletten-Tutu"},"content":{"rendered":"<h3><strong>Produktmerkmale:<\/strong><\/h3>\n<ul>\n<li>Material: 100 % Polyester<\/li>\n<li>Tutu-Detail mit Pailletten und Glitzer<\/li>\n<li>Metalloberfl\u00e4chen<\/li>\n<li>Ballerina-f\u00f6rmiger Rei\u00dfverschlussschieber aus Metall<\/li>\n<li>Verstellbare Schultergurte<\/li>\n<li>Futter mit Capezio-Logo<\/li>\n<li>Gro\u00dfe Innentasche<\/li>\n<li>2 seitliche Netztaschen au\u00dfen<\/li>\n<\/ul>\n","protected":false},"excerpt":{"rendered":"<p>Dieser Rucksack ist mit einem wundersch\u00f6nen T\u00fcll-Tutu und 3D-Pailletten versehen und verf\u00fcgt \u00fcber verstellbare Schultergurte, um die Passform anzupassen.<br \/>\n Gro\u00dfe Innentasche und zwei externe Netztaschen, ideal f\u00fcr Wasserflaschen oder anderes Zubeh\u00f6r.<br \/>\n Schlie\u00dflich ist der Ballerina-f\u00f6rmige Metallschieber ein sch\u00f6nes Detail.<\/p>\n<p> Ma\u00dfe: 24,5 cm x 9,5 cm x 28,5 cm<\/p>\n","protected":false},"featured_media":446485,"template":"","meta":{"_acf_changed":false},"product_brand":[],"product_cat":[1505,1447],"product_tag":[],"class_list":{"0":"post-446487","1":"product","2":"type-product","3":"status-publish","4":"has-post-thumbnail","6":"product_cat-tanztaschen-und-tutu-tasche","7":"product_cat-zubehor","8":"pa_brand-capezio-de","10":"first","11":"outofstock","12":"shipping-taxable","13":"purchasable","14":"product-type-simple"},"acf":[],"_links":{"self":[{"href":"https:\/\/www.letutudanza.it\/de\/wp-json\/wp\/v2\/product\/446487","targetHints":{"allow":["GET"]}}],"collection":[{"href":"https:\/\/www.letutudanza.it\/de\/wp-json\/wp\/v2\/product"}],"about":[{"href":"https:\/\/www.letutudanza.it\/de\/wp-json\/wp\/v2\/types\/product"}],"wp:featuredmedia":[{"embeddable":true,"href":"https:\/\/www.letutudanza.it\/de\/wp-json\/wp\/v2\/media\/446485"}],"wp:attachment":[{"href":"https:\/\/www.letutudanza.it\/de\/wp-json\/wp\/v2\/media?parent=446487"}],"wp:term":[{"taxonomy":"product_brand","embeddable":true,"href":"https:\/\/www.letutudanza.it\/de\/wp-json\/wp\/v2\/product_brand?post=446487"},{"taxonomy":"product_cat","embeddable":true,"href":"https:\/\/www.letutudanza.it\/de\/wp-json\/wp\/v2\/product_cat?post=446487"},{"taxonomy":"product_tag","embeddable":true,"href":"https:\/\/www.letutudanza.it\/de\/wp-json\/wp\/v2\/product_tag?post=446487"}],"curies":[{"name":"wp","href":"https:\/\/api.w.org\/{rel}","templated":true}]}}