{"id":446245,"date":"2024-07-11T17:07:40","date_gmt":"2024-07-11T15:07:40","guid":{"rendered":"https:\/\/letutudanza.it\/?post_type=product&#038;p=446245"},"modified":"2026-04-03T17:41:32","modified_gmt":"2026-04-03T15:41:32","slug":"rosafarbener-tanzanzug-mit-paspelierung-an-den-armeln-copia","status":"publish","type":"product","link":"https:\/\/www.letutudanza.it\/de\/prodotto\/rosafarbener-tanzanzug-mit-paspelierung-an-den-armeln-copia","title":{"rendered":"Tanztrikot mit Rundhalsausschnitt und letztem \u00c4rmel"},"content":{"rendered":"<p>Halbarm-Body aus altrosa Mikrofaser.<br \/>\n\u00c4rmelr\u00e4nder aus wei\u00dfem Lycra.<br \/>\nVorne gef\u00fcttert<\/p>\n","protected":false},"excerpt":{"rendered":"<p>Oberteil mit Rundhalsausschnitt und langen \u00c4rmeln<br \/>\n Vorderseite gef\u00fcttert, nur in Gr\u00f6\u00dfe 6\/7 und in den auf dem Foto abgebildeten Farben erh\u00e4ltlich.<\/p>\n","protected":false},"featured_media":446258,"template":"","meta":{"_acf_changed":false},"product_brand":[],"product_cat":[1521,1451],"product_tag":[],"class_list":{"0":"post-446245","1":"product","2":"type-product","3":"status-publish","4":"has-post-thumbnail","6":"product_cat-auslasskorper","7":"product_cat-auslauf","8":"pa_brand-dl-tanzkleidung","10":"first","11":"instock","12":"sale","13":"shipping-taxable","14":"purchasable","15":"product-type-variable"},"acf":[],"_links":{"self":[{"href":"https:\/\/www.letutudanza.it\/de\/wp-json\/wp\/v2\/product\/446245","targetHints":{"allow":["GET"]}}],"collection":[{"href":"https:\/\/www.letutudanza.it\/de\/wp-json\/wp\/v2\/product"}],"about":[{"href":"https:\/\/www.letutudanza.it\/de\/wp-json\/wp\/v2\/types\/product"}],"wp:featuredmedia":[{"embeddable":true,"href":"https:\/\/www.letutudanza.it\/de\/wp-json\/wp\/v2\/media\/446258"}],"wp:attachment":[{"href":"https:\/\/www.letutudanza.it\/de\/wp-json\/wp\/v2\/media?parent=446245"}],"wp:term":[{"taxonomy":"product_brand","embeddable":true,"href":"https:\/\/www.letutudanza.it\/de\/wp-json\/wp\/v2\/product_brand?post=446245"},{"taxonomy":"product_cat","embeddable":true,"href":"https:\/\/www.letutudanza.it\/de\/wp-json\/wp\/v2\/product_cat?post=446245"},{"taxonomy":"product_tag","embeddable":true,"href":"https:\/\/www.letutudanza.it\/de\/wp-json\/wp\/v2\/product_tag?post=446245"}],"curies":[{"name":"wp","href":"https:\/\/api.w.org\/{rel}","templated":true}]}}