{"id":445500,"date":"2024-05-25T14:43:10","date_gmt":"2024-05-25T12:43:10","guid":{"rendered":"https:\/\/letutudanza.it\/prodotto\/ballerina-schluesselanhaenger-aus-metall"},"modified":"2024-12-25T12:48:36","modified_gmt":"2024-12-25T11:48:36","slug":"ballerina-schluesselanhaenger-aus-metall","status":"publish","type":"product","link":"https:\/\/www.letutudanza.it\/de\/prodotto\/ballerina-schluesselanhaenger-aus-metall","title":{"rendered":"Ballerina-Schl\u00fcsselanh\u00e4nger aus Metall"},"content":{"rendered":"","protected":false},"excerpt":{"rendered":"<p>Rosa emaillierter Metallschl\u00fcsselanh\u00e4nger mit Ballerina-Slipper und Medaillon mit der Darstellung einer Ballerina.<\/p>\n<p> Schuhl\u00e4nge ca. 7,5 cm.<\/p>\n","protected":false},"featured_media":445498,"template":"","meta":{"_acf_changed":false},"product_brand":[],"product_cat":[1470,1447],"product_tag":[],"class_list":{"0":"post-445500","1":"product","2":"type-product","3":"status-publish","4":"has-post-thumbnail","6":"product_cat-geschenkideen","7":"product_cat-zubehor","8":"pa_brand-girardi-de","10":"first","11":"instock","12":"shipping-taxable","13":"purchasable","14":"product-type-simple"},"acf":[],"_links":{"self":[{"href":"https:\/\/www.letutudanza.it\/de\/wp-json\/wp\/v2\/product\/445500","targetHints":{"allow":["GET"]}}],"collection":[{"href":"https:\/\/www.letutudanza.it\/de\/wp-json\/wp\/v2\/product"}],"about":[{"href":"https:\/\/www.letutudanza.it\/de\/wp-json\/wp\/v2\/types\/product"}],"wp:featuredmedia":[{"embeddable":true,"href":"https:\/\/www.letutudanza.it\/de\/wp-json\/wp\/v2\/media\/445498"}],"wp:attachment":[{"href":"https:\/\/www.letutudanza.it\/de\/wp-json\/wp\/v2\/media?parent=445500"}],"wp:term":[{"taxonomy":"product_brand","embeddable":true,"href":"https:\/\/www.letutudanza.it\/de\/wp-json\/wp\/v2\/product_brand?post=445500"},{"taxonomy":"product_cat","embeddable":true,"href":"https:\/\/www.letutudanza.it\/de\/wp-json\/wp\/v2\/product_cat?post=445500"},{"taxonomy":"product_tag","embeddable":true,"href":"https:\/\/www.letutudanza.it\/de\/wp-json\/wp\/v2\/product_tag?post=445500"}],"curies":[{"name":"wp","href":"https:\/\/api.w.org\/{rel}","templated":true}]}}