{"id":445356,"date":"2024-05-20T17:08:05","date_gmt":"2024-05-20T15:08:05","guid":{"rendered":"https:\/\/letutudanza.it\/?post_type=product&#038;p=445356"},"modified":"2024-12-25T12:48:37","modified_gmt":"2024-12-25T11:48:37","slug":"geldborsen-danza-grande-tanzer-copia","status":"publish","type":"product","link":"https:\/\/www.letutudanza.it\/de\/prodotto\/geldborsen-danza-grande-tanzer-copia","title":{"rendered":"Gro\u00dfe Tanz-Geldb\u00f6rsen \u2013 Spitzenschuhe"},"content":{"rendered":"<p>Tanzgeldb\u00f6rse aus Synthetikgewebe (Lederimitat) mit Tanzmotiv. Silberner Rei\u00dfverschluss.<br \/>\nBestehend aus 14 F\u00e4chern f\u00fcr Karten, Geldscheine und Dokumente + einem zentralen Fach f\u00fcr M\u00fcnzen mit Rei\u00dfverschluss.<\/p>\n<p>Ma\u00dfe: 19 x 9 x 2 cm.<\/p>\n","protected":false},"excerpt":{"rendered":"<p>Tanzgeldb\u00f6rse aus Synthetikgewebe (Lederimitat) mit Tanzmotiv. Goldfarbener Rei\u00dfverschluss.<br \/>\n Bestehend aus 14 F\u00e4chern f\u00fcr Karten, Geldscheine und Dokumente + einem zentralen f\u00fcr M\u00fcnzen mit Rei\u00dfverschluss.<\/p>\n<p>Ma\u00dfe: 19 x 10 cm.<\/p>\n","protected":false},"featured_media":445360,"template":"","meta":{"_acf_changed":false},"product_brand":[],"product_cat":[1470,1447],"product_tag":[],"class_list":{"0":"post-445356","1":"product","2":"type-product","3":"status-publish","4":"has-post-thumbnail","6":"product_cat-geschenkideen","7":"product_cat-zubehor","8":"pa_brand-girardi-de","10":"first","11":"instock","12":"shipping-taxable","13":"purchasable","14":"product-type-simple"},"acf":[],"_links":{"self":[{"href":"https:\/\/www.letutudanza.it\/de\/wp-json\/wp\/v2\/product\/445356","targetHints":{"allow":["GET"]}}],"collection":[{"href":"https:\/\/www.letutudanza.it\/de\/wp-json\/wp\/v2\/product"}],"about":[{"href":"https:\/\/www.letutudanza.it\/de\/wp-json\/wp\/v2\/types\/product"}],"wp:featuredmedia":[{"embeddable":true,"href":"https:\/\/www.letutudanza.it\/de\/wp-json\/wp\/v2\/media\/445360"}],"wp:attachment":[{"href":"https:\/\/www.letutudanza.it\/de\/wp-json\/wp\/v2\/media?parent=445356"}],"wp:term":[{"taxonomy":"product_brand","embeddable":true,"href":"https:\/\/www.letutudanza.it\/de\/wp-json\/wp\/v2\/product_brand?post=445356"},{"taxonomy":"product_cat","embeddable":true,"href":"https:\/\/www.letutudanza.it\/de\/wp-json\/wp\/v2\/product_cat?post=445356"},{"taxonomy":"product_tag","embeddable":true,"href":"https:\/\/www.letutudanza.it\/de\/wp-json\/wp\/v2\/product_tag?post=445356"}],"curies":[{"name":"wp","href":"https:\/\/api.w.org\/{rel}","templated":true}]}}