{"id":443310,"date":"2024-03-27T18:07:47","date_gmt":"2024-03-27T17:07:47","guid":{"rendered":"https:\/\/letutudanza.it\/?post_type=product&#038;p=443310"},"modified":"2025-12-09T19:11:20","modified_gmt":"2025-12-09T18:11:20","slug":"halbe-spitzentanzschuhe-aus-elastischem-segeltuch-vanie-dansez-vous-copia-2","status":"publish","type":"product","link":"https:\/\/www.letutudanza.it\/de\/prodotto\/halbe-spitzentanzschuhe-aus-elastischem-segeltuch-vanie-dansez-vous-copia-2","title":{"rendered":"Dansez Vous \u2013 Nina Canvas Halbspitzenschuhe mit geteilter Sohle"},"content":{"rendered":"<p>Exzellenter Wert f\u00fcr Geld !<\/p>\n","protected":false},"excerpt":{"rendered":"<p style=\"margin: 0cm; background: white;\"><span style=\"font-family: 'Jost',serif; color: #666666;\">Die Nina sind Canvas-Halbschuhe mit einer geteilten Sohle aus Wildleder.<br \/>\n Das elastische Profil und der Innenraum wurden speziell entwickelt, um sie dank des Komforts und der Flexibilit\u00e4t, die sie bieten, f\u00fcr alle Lernniveaus geeignet zu machen.<br \/>\n Elastischer Abschluss ohne Kordelzug und gekreuzte und vorgen\u00e4hte Gummib\u00e4nder<\/span><\/p>\n<p>Hinweis: Aufgrund der extremen Elastizit\u00e4t empfehlen wir, eine Nummer gr\u00f6\u00dfer als die tats\u00e4chliche Passform zu kaufen<\/p>\n","protected":false},"featured_media":443419,"template":"","meta":{"_acf_changed":false},"product_brand":[],"product_cat":[1864,2782,1617],"product_tag":[],"class_list":{"0":"post-443310","1":"product","2":"type-product","3":"status-publish","4":"has-post-thumbnail","6":"product_cat-halb-punkt-tanz","7":"product_cat-halbzeiger-dansez-vous","8":"product_cat-schuhe","9":"pa_brand-dansez-vous-de","11":"first","12":"instock","13":"shipping-taxable","14":"purchasable","15":"product-type-variable"},"acf":[],"_links":{"self":[{"href":"https:\/\/www.letutudanza.it\/de\/wp-json\/wp\/v2\/product\/443310","targetHints":{"allow":["GET"]}}],"collection":[{"href":"https:\/\/www.letutudanza.it\/de\/wp-json\/wp\/v2\/product"}],"about":[{"href":"https:\/\/www.letutudanza.it\/de\/wp-json\/wp\/v2\/types\/product"}],"wp:featuredmedia":[{"embeddable":true,"href":"https:\/\/www.letutudanza.it\/de\/wp-json\/wp\/v2\/media\/443419"}],"wp:attachment":[{"href":"https:\/\/www.letutudanza.it\/de\/wp-json\/wp\/v2\/media?parent=443310"}],"wp:term":[{"taxonomy":"product_brand","embeddable":true,"href":"https:\/\/www.letutudanza.it\/de\/wp-json\/wp\/v2\/product_brand?post=443310"},{"taxonomy":"product_cat","embeddable":true,"href":"https:\/\/www.letutudanza.it\/de\/wp-json\/wp\/v2\/product_cat?post=443310"},{"taxonomy":"product_tag","embeddable":true,"href":"https:\/\/www.letutudanza.it\/de\/wp-json\/wp\/v2\/product_tag?post=443310"}],"curies":[{"name":"wp","href":"https:\/\/api.w.org\/{rel}","templated":true}]}}