{"id":443139,"date":"2022-07-19T19:08:59","date_gmt":"2022-07-19T17:08:59","guid":{"rendered":"https:\/\/letutudanza.it\/prodotto\/spanien-beige-faecher"},"modified":"2025-05-22T12:48:20","modified_gmt":"2025-05-22T10:48:20","slug":"spanien-beige-faecher","status":"publish","type":"product","link":"https:\/\/www.letutudanza.it\/de\/prodotto\/spanien-beige-faecher","title":{"rendered":"Spanien Beige F\u00e4cher"},"content":{"rendered":"<p>Ideal f\u00fcr Charakter- und spanische T\u00e4nze.<\/p>\n","protected":false},"excerpt":{"rendered":"<p>Handbemalter Holzf\u00e4cher, original spanische Herstellung.<br \/>\n Ma\u00dfe: Offen 40cm, L\u00e4nge 22cm<\/p>\n","protected":false},"featured_media":326442,"template":"","meta":{"_acf_changed":false},"product_brand":[],"product_cat":[1506,2818,1447],"product_tag":[],"class_list":{"0":"post-443139","1":"product","2":"type-product","3":"status-publish","4":"has-post-thumbnail","6":"product_cat-zubehor-zeigen","7":"product_cat-requisiten","8":"product_cat-zubehor","10":"first","11":"instock","12":"shipping-taxable","13":"purchasable","14":"product-type-simple"},"acf":[],"_links":{"self":[{"href":"https:\/\/www.letutudanza.it\/de\/wp-json\/wp\/v2\/product\/443139","targetHints":{"allow":["GET"]}}],"collection":[{"href":"https:\/\/www.letutudanza.it\/de\/wp-json\/wp\/v2\/product"}],"about":[{"href":"https:\/\/www.letutudanza.it\/de\/wp-json\/wp\/v2\/types\/product"}],"wp:featuredmedia":[{"embeddable":true,"href":"https:\/\/www.letutudanza.it\/de\/wp-json\/wp\/v2\/media\/326442"}],"wp:attachment":[{"href":"https:\/\/www.letutudanza.it\/de\/wp-json\/wp\/v2\/media?parent=443139"}],"wp:term":[{"taxonomy":"product_brand","embeddable":true,"href":"https:\/\/www.letutudanza.it\/de\/wp-json\/wp\/v2\/product_brand?post=443139"},{"taxonomy":"product_cat","embeddable":true,"href":"https:\/\/www.letutudanza.it\/de\/wp-json\/wp\/v2\/product_cat?post=443139"},{"taxonomy":"product_tag","embeddable":true,"href":"https:\/\/www.letutudanza.it\/de\/wp-json\/wp\/v2\/product_tag?post=443139"}],"curies":[{"name":"wp","href":"https:\/\/api.w.org\/{rel}","templated":true}]}}