{"id":442432,"date":"2024-03-25T15:49:21","date_gmt":"2024-03-25T14:49:21","guid":{"rendered":"https:\/\/letutudanza.it\/?post_type=product&#038;p=442432"},"modified":"2025-09-24T15:21:19","modified_gmt":"2025-09-24T13:21:19","slug":"herren-tanzstrumpfhose-mit-fus-copia","status":"publish","type":"product","link":"https:\/\/www.letutudanza.it\/de\/prodotto\/herren-tanzstrumpfhose-mit-fus-copia","title":{"rendered":"Zweifarbige Herren-Tanzstrumpfhose mit Fu\u00df"},"content":{"rendered":"<p>Ideal f\u00fcr einen Stiefeleffekt und f\u00fcr Shows und\/oder Konzerte zum Jahresende<br \/>\n Die Farbwahl bezieht sich auf den oberen Teil der Strumpfhose<\/p>\n","protected":false},"excerpt":{"rendered":"<p>Eng anliegende Strumpfhose\/Tric\u00f2, zweifarbig gefertigt und mit Fu\u00df versehen.<br \/>\n Wie auf dem Foto zu sehen ist, nimmt der Artikel im letzten Teil eine wei\u00dfe Farbe an.<\/p>\n<p> Hinweis: F\u00fcr unterschiedliche Farbanforderungen ist es m\u00f6glich, den Wunsch in den Bestellnotizen anzugeben<\/p>\n","protected":false},"featured_media":441842,"template":"","meta":{"_acf_changed":false},"product_brand":[],"product_cat":[1633,1517,1516,1513],"product_tag":[],"class_list":{"0":"post-442432","1":"product","2":"type-product","3":"status-publish","4":"has-post-thumbnail","6":"product_cat-strumpfhosen-und-socken-fur-herren","7":"product_cat-herrenhosen-und-shorts","8":"product_cat-herrenlinie","9":"product_cat-kleidung","10":"pa_brand-dl-tanzkleidung","12":"first","13":"instock","14":"shipping-taxable","15":"purchasable","16":"product-type-variable"},"acf":[],"_links":{"self":[{"href":"https:\/\/www.letutudanza.it\/de\/wp-json\/wp\/v2\/product\/442432","targetHints":{"allow":["GET"]}}],"collection":[{"href":"https:\/\/www.letutudanza.it\/de\/wp-json\/wp\/v2\/product"}],"about":[{"href":"https:\/\/www.letutudanza.it\/de\/wp-json\/wp\/v2\/types\/product"}],"wp:featuredmedia":[{"embeddable":true,"href":"https:\/\/www.letutudanza.it\/de\/wp-json\/wp\/v2\/media\/441842"}],"wp:attachment":[{"href":"https:\/\/www.letutudanza.it\/de\/wp-json\/wp\/v2\/media?parent=442432"}],"wp:term":[{"taxonomy":"product_brand","embeddable":true,"href":"https:\/\/www.letutudanza.it\/de\/wp-json\/wp\/v2\/product_brand?post=442432"},{"taxonomy":"product_cat","embeddable":true,"href":"https:\/\/www.letutudanza.it\/de\/wp-json\/wp\/v2\/product_cat?post=442432"},{"taxonomy":"product_tag","embeddable":true,"href":"https:\/\/www.letutudanza.it\/de\/wp-json\/wp\/v2\/product_tag?post=442432"}],"curies":[{"name":"wp","href":"https:\/\/api.w.org\/{rel}","templated":true}]}}