{"id":438456,"date":"2024-03-18T15:45:19","date_gmt":"2024-03-18T14:45:19","guid":{"rendered":"https:\/\/letutudanza.it\/prodotto\/capezio-ballet-bow-rucksack"},"modified":"2024-09-02T18:12:55","modified_gmt":"2024-09-02T16:12:55","slug":"capezio-ballet-bow-rucksack","status":"publish","type":"product","link":"https:\/\/www.letutudanza.it\/de\/prodotto\/capezio-ballet-bow-rucksack","title":{"rendered":"Capezio Ballet Bow Rucksack"},"content":{"rendered":"<p><strong>Produktmerkmale:  <\/strong><\/p>\n<ul>\n<li>Verstellbare Schultergurte, die jedem T\u00e4nzer eine individuelle Passform bieten<\/li>\n<li>Gro\u00dfe Innentasche<\/li>\n<li>Zwei externe Netztaschen zur Aufbewahrung von Wasserflaschen und anderem Zubeh\u00f6r<\/li>\n<li>2 Ballerina-f\u00f6rmige Metallrei\u00dfverschl\u00fcsse<\/li>\n<li>Futter mit Capezio-Logo<\/li>\n<\/ul>\n<p>&nbsp;<\/p>\n","protected":false},"excerpt":{"rendered":"<p>Dieser aus 100 % Polyester gefertigte Rucksack hat eine gew\u00f6lbte Form und einen eleganten, aber vor allem sehr funktionalen Stil. Verstellbare Schultergurte bieten eine individuelle Passform f\u00fcr jeden T\u00e4nzer. Ausgestattet mit einer gro\u00dfen Innentasche und zwei externen Netztaschen zur Aufbewahrung von Wasserflaschen und anderem Zubeh\u00f6r. Doppelter Ballerina-f\u00f6rmiger Metallschieber. Ma\u00dfe: 25 cm x 32 cm x 11,9 cm      &nbsp;<\/p>\n<p>&nbsp;<\/p>\n","protected":false},"featured_media":438445,"template":"","meta":{"_acf_changed":false},"product_brand":[],"product_cat":[1505,1447],"product_tag":[],"class_list":{"0":"post-438456","1":"product","2":"type-product","3":"status-publish","4":"has-post-thumbnail","6":"product_cat-tanztaschen-und-tutu-tasche","7":"product_cat-zubehor","8":"pa_brand-capezio-de","10":"first","11":"outofstock","12":"shipping-taxable","13":"purchasable","14":"product-type-simple"},"acf":[],"_links":{"self":[{"href":"https:\/\/www.letutudanza.it\/de\/wp-json\/wp\/v2\/product\/438456","targetHints":{"allow":["GET"]}}],"collection":[{"href":"https:\/\/www.letutudanza.it\/de\/wp-json\/wp\/v2\/product"}],"about":[{"href":"https:\/\/www.letutudanza.it\/de\/wp-json\/wp\/v2\/types\/product"}],"wp:featuredmedia":[{"embeddable":true,"href":"https:\/\/www.letutudanza.it\/de\/wp-json\/wp\/v2\/media\/438445"}],"wp:attachment":[{"href":"https:\/\/www.letutudanza.it\/de\/wp-json\/wp\/v2\/media?parent=438456"}],"wp:term":[{"taxonomy":"product_brand","embeddable":true,"href":"https:\/\/www.letutudanza.it\/de\/wp-json\/wp\/v2\/product_brand?post=438456"},{"taxonomy":"product_cat","embeddable":true,"href":"https:\/\/www.letutudanza.it\/de\/wp-json\/wp\/v2\/product_cat?post=438456"},{"taxonomy":"product_tag","embeddable":true,"href":"https:\/\/www.letutudanza.it\/de\/wp-json\/wp\/v2\/product_tag?post=438456"}],"curies":[{"name":"wp","href":"https:\/\/api.w.org\/{rel}","templated":true}]}}