{"id":438332,"date":"2024-03-15T18:02:40","date_gmt":"2024-03-15T17:02:40","guid":{"rendered":"https:\/\/letutudanza.it\/prodotto\/bloch-raffine-spitzentanzschuhe"},"modified":"2026-04-11T15:32:41","modified_gmt":"2026-04-11T13:32:41","slug":"bloch-raffine-spitzentanzschuhe","status":"publish","type":"product","link":"https:\/\/www.letutudanza.it\/de\/prodotto\/bloch-raffine-spitzentanzschuhe","title":{"rendered":"Bloch Raffine Spitzentanzschuhe"},"content":{"rendered":"<p><strong>Eigenschaften<\/strong><\/p>\n<ul>\n<li>Die optionale Einlegesohle mit Fu\u00dfgew\u00f6lbeunterst\u00fctzung bietet zus\u00e4tzliche Unterst\u00fctzung im Fu\u00dfgew\u00f6lbe und erm\u00f6glicht gleichzeitig die volle Beweglichkeit einer klassischen Einlegesohle.<\/li>\n<li>Eine zus\u00e4tzliche Schichtung durch die Falten und den Boden der Plattform sorgt f\u00fcr eine bis zu 8-mal bessere Ger\u00e4uschisolierung<\/li>\n<li>Das verst\u00e4rkte Satinmaterial ist st\u00e4rker und haltbarer als herk\u00f6mmliche Satinstoffe und tr\u00e4gt dazu bei, Falten zu reduzieren und sorgt gleichzeitig f\u00fcr ein insgesamt glatteres Erscheinungsbild.<\/li>\n<li>Kein Fersenpolster<\/li>\n<li>Kordelzug aus Baumwolle<\/li>\n<li>V-f\u00f6rmiges Obermaterial<\/li>\n<li>Mittlere Plattform<\/li>\n<\/ul>\n","protected":false},"excerpt":{"rendered":"<p>Der Raffin\u00e9 ist das erste Flaggschiffmodell im \u201eRussian Style\u201c von Bloch: eine Spitze mit verbesserten Linien, verst\u00e4rktem Satin, Ger\u00e4uschreduzierung und verbesserter Fu\u00dfgew\u00f6lbeunterst\u00fctzung.<br \/>\n Der geformte Absatz dank der Reduzierung \u00fcbersch\u00fcssigen Satins und die k\u00fcrzere Sohle sorgen f\u00fcr eine elegante Linie, die der nat\u00fcrlichen Form des Fu\u00dfes auf Zehenspitzen genau folgt.<br \/>\n Ein idealer Schuh f\u00fcr Studenten und Berufst\u00e4tige.<\/p>\n","protected":false},"featured_media":438400,"template":"","meta":{"_acf_changed":false},"product_brand":[],"product_cat":[2683,1617,1663],"product_tag":[],"class_list":{"0":"post-438332","1":"product","2":"type-product","3":"status-publish","4":"has-post-thumbnail","6":"product_cat-bloch-spitzenschuhe","7":"product_cat-schuhe","8":"product_cat-spitzenschuhe","9":"pa_brand-bloch-de","11":"first","12":"instock","13":"shipping-taxable","14":"purchasable","15":"product-type-variable"},"acf":[],"_links":{"self":[{"href":"https:\/\/www.letutudanza.it\/de\/wp-json\/wp\/v2\/product\/438332","targetHints":{"allow":["GET"]}}],"collection":[{"href":"https:\/\/www.letutudanza.it\/de\/wp-json\/wp\/v2\/product"}],"about":[{"href":"https:\/\/www.letutudanza.it\/de\/wp-json\/wp\/v2\/types\/product"}],"wp:featuredmedia":[{"embeddable":true,"href":"https:\/\/www.letutudanza.it\/de\/wp-json\/wp\/v2\/media\/438400"}],"wp:attachment":[{"href":"https:\/\/www.letutudanza.it\/de\/wp-json\/wp\/v2\/media?parent=438332"}],"wp:term":[{"taxonomy":"product_brand","embeddable":true,"href":"https:\/\/www.letutudanza.it\/de\/wp-json\/wp\/v2\/product_brand?post=438332"},{"taxonomy":"product_cat","embeddable":true,"href":"https:\/\/www.letutudanza.it\/de\/wp-json\/wp\/v2\/product_cat?post=438332"},{"taxonomy":"product_tag","embeddable":true,"href":"https:\/\/www.letutudanza.it\/de\/wp-json\/wp\/v2\/product_tag?post=438332"}],"curies":[{"name":"wp","href":"https:\/\/api.w.org\/{rel}","templated":true}]}}