{"id":438218,"date":"2024-03-13T16:36:05","date_gmt":"2024-03-13T15:36:05","guid":{"rendered":"https:\/\/letutudanza.it\/prodotto\/elastikbaender-training-gaynor-minden"},"modified":"2025-09-15T16:04:39","modified_gmt":"2025-09-15T14:04:39","slug":"elastikbaender-training-gaynor-minden","status":"publish","type":"product","link":"https:\/\/www.letutudanza.it\/de\/prodotto\/elastikbaender-training-gaynor-minden","title":{"rendered":"Elastikb\u00e4nder-Training Gaynor Minden"},"content":{"rendered":"","protected":false},"excerpt":{"rendered":"<p>Die \u201eWorkout Loops\u201c von Gaynor Minden sind das ideale Hilfsmittel zur Entwicklung von H\u00f6he und Kontrolle<br \/>\n Sie bestehen aus elastischem und st\u00fctzendem Stretchmaterial und sind \u00e4u\u00dferst vielseitig, da sie in zwei verschiedenen Gewichten erh\u00e4ltlich sind.<\/p>\n<p> Das Paket ist komplett mit 2 Farbb\u00e4ndern auf dem Foto<\/p>\n","protected":false},"featured_media":438475,"template":"","meta":{"_acf_changed":false},"product_brand":[],"product_cat":[1449,1447],"product_tag":[],"class_list":{"0":"post-438218","1":"product","2":"type-product","3":"status-publish","4":"has-post-thumbnail","6":"product_cat-dehnen-und-trainieren","7":"product_cat-zubehor","8":"pa_brand-gaynor-minden-de","10":"first","11":"instock","12":"shipping-taxable","13":"purchasable","14":"product-type-simple"},"acf":[],"_links":{"self":[{"href":"https:\/\/www.letutudanza.it\/de\/wp-json\/wp\/v2\/product\/438218","targetHints":{"allow":["GET"]}}],"collection":[{"href":"https:\/\/www.letutudanza.it\/de\/wp-json\/wp\/v2\/product"}],"about":[{"href":"https:\/\/www.letutudanza.it\/de\/wp-json\/wp\/v2\/types\/product"}],"wp:featuredmedia":[{"embeddable":true,"href":"https:\/\/www.letutudanza.it\/de\/wp-json\/wp\/v2\/media\/438475"}],"wp:attachment":[{"href":"https:\/\/www.letutudanza.it\/de\/wp-json\/wp\/v2\/media?parent=438218"}],"wp:term":[{"taxonomy":"product_brand","embeddable":true,"href":"https:\/\/www.letutudanza.it\/de\/wp-json\/wp\/v2\/product_brand?post=438218"},{"taxonomy":"product_cat","embeddable":true,"href":"https:\/\/www.letutudanza.it\/de\/wp-json\/wp\/v2\/product_cat?post=438218"},{"taxonomy":"product_tag","embeddable":true,"href":"https:\/\/www.letutudanza.it\/de\/wp-json\/wp\/v2\/product_tag?post=438218"}],"curies":[{"name":"wp","href":"https:\/\/api.w.org\/{rel}","templated":true}]}}