{"id":436112,"date":"2024-02-27T16:52:29","date_gmt":"2024-02-27T15:52:29","guid":{"rendered":"https:\/\/letutudanza.it\/?post_type=product&#038;p=436112"},"modified":"2025-09-24T15:25:56","modified_gmt":"2025-09-24T13:25:56","slug":"tanga-tanzbody-fur-herren-mit-rundhalsausschnitt-copia","status":"publish","type":"product","link":"https:\/\/www.letutudanza.it\/de\/prodotto\/tanga-tanzbody-fur-herren-mit-rundhalsausschnitt-copia","title":{"rendered":"Tanzbody f\u00fcr Herren mit transparenten \u00c4rmeln"},"content":{"rendered":"<p>Praktisch und sehr n\u00fctzlich zum Tragen unter Jacken oder Westen oder anderen \u00e4rmellosen Herrenkost\u00fcmen<\/p>\n","protected":false},"excerpt":{"rendered":"<p>Body mit tiefem Ausschnitt vorne und hinten. Muschel-Schnitt am Unterkleid vorne und Tanga-Schnitt hinten. Breite Chiffon-\/Georgette-\u00c4rmel mit B\u00fcndchen aus dem gleichen Stoff wie der K\u00f6rper.<br \/>\n Nach vorne gef\u00fcttert<\/p>\n","protected":false},"featured_media":437628,"template":"","meta":{"_acf_changed":false},"product_brand":[],"product_cat":[1638,1516],"product_tag":[],"class_list":{"0":"post-436112","1":"product","2":"type-product","3":"status-publish","4":"has-post-thumbnail","6":"product_cat-herren-tanz-body","7":"product_cat-herrenlinie","8":"pa_brand-dl-tanzkleidung","10":"first","11":"instock","12":"shipping-taxable","13":"purchasable","14":"product-type-variable"},"acf":[],"_links":{"self":[{"href":"https:\/\/www.letutudanza.it\/de\/wp-json\/wp\/v2\/product\/436112","targetHints":{"allow":["GET"]}}],"collection":[{"href":"https:\/\/www.letutudanza.it\/de\/wp-json\/wp\/v2\/product"}],"about":[{"href":"https:\/\/www.letutudanza.it\/de\/wp-json\/wp\/v2\/types\/product"}],"wp:featuredmedia":[{"embeddable":true,"href":"https:\/\/www.letutudanza.it\/de\/wp-json\/wp\/v2\/media\/437628"}],"wp:attachment":[{"href":"https:\/\/www.letutudanza.it\/de\/wp-json\/wp\/v2\/media?parent=436112"}],"wp:term":[{"taxonomy":"product_brand","embeddable":true,"href":"https:\/\/www.letutudanza.it\/de\/wp-json\/wp\/v2\/product_brand?post=436112"},{"taxonomy":"product_cat","embeddable":true,"href":"https:\/\/www.letutudanza.it\/de\/wp-json\/wp\/v2\/product_cat?post=436112"},{"taxonomy":"product_tag","embeddable":true,"href":"https:\/\/www.letutudanza.it\/de\/wp-json\/wp\/v2\/product_tag?post=436112"}],"curies":[{"name":"wp","href":"https:\/\/api.w.org\/{rel}","templated":true}]}}