{"id":435310,"date":"2024-02-27T16:16:56","date_gmt":"2024-02-27T15:16:56","guid":{"rendered":"https:\/\/letutudanza.it\/?post_type=product&#038;p=435310"},"modified":"2025-11-03T09:26:13","modified_gmt":"2025-11-03T08:26:13","slug":"fischer-tanzhose-fur-herren-copia","status":"publish","type":"product","link":"https:\/\/www.letutudanza.it\/de\/prodotto\/fischer-tanzhose-fur-herren-copia","title":{"rendered":"Radsport-Tanzshorts f\u00fcr Herren"},"content":{"rendered":"<p>Mann Panfischer. Aus Stretch-Material mit 3 cm hohem Gummizug in der Taille und B\u00fcgelfalte ohne Gummizug an den Beinen f\u00fcr eine Passform ohne einzuengen.<\/p>\n","protected":false},"excerpt":{"rendered":"<p>Hergestellt mit elastischem Bund und Falten ohne Gummizug an den Beinen, damit es passt, ohne einzuengen.<br \/>\n L\u00e4nge knapp \u00fcber dem Knie<\/p>\n","protected":false},"featured_media":435674,"template":"","meta":{"_acf_changed":false},"product_brand":[],"product_cat":[1517,1516,1513],"product_tag":[],"class_list":{"0":"post-435310","1":"product","2":"type-product","3":"status-publish","4":"has-post-thumbnail","6":"product_cat-herrenhosen-und-shorts","7":"product_cat-herrenlinie","8":"product_cat-kleidung","9":"pa_brand-dl-tanzkleidung","11":"first","12":"instock","13":"shipping-taxable","14":"purchasable","15":"product-type-variable"},"acf":[],"_links":{"self":[{"href":"https:\/\/www.letutudanza.it\/de\/wp-json\/wp\/v2\/product\/435310","targetHints":{"allow":["GET"]}}],"collection":[{"href":"https:\/\/www.letutudanza.it\/de\/wp-json\/wp\/v2\/product"}],"about":[{"href":"https:\/\/www.letutudanza.it\/de\/wp-json\/wp\/v2\/types\/product"}],"wp:featuredmedia":[{"embeddable":true,"href":"https:\/\/www.letutudanza.it\/de\/wp-json\/wp\/v2\/media\/435674"}],"wp:attachment":[{"href":"https:\/\/www.letutudanza.it\/de\/wp-json\/wp\/v2\/media?parent=435310"}],"wp:term":[{"taxonomy":"product_brand","embeddable":true,"href":"https:\/\/www.letutudanza.it\/de\/wp-json\/wp\/v2\/product_brand?post=435310"},{"taxonomy":"product_cat","embeddable":true,"href":"https:\/\/www.letutudanza.it\/de\/wp-json\/wp\/v2\/product_cat?post=435310"},{"taxonomy":"product_tag","embeddable":true,"href":"https:\/\/www.letutudanza.it\/de\/wp-json\/wp\/v2\/product_tag?post=435310"}],"curies":[{"name":"wp","href":"https:\/\/api.w.org\/{rel}","templated":true}]}}