{"id":432868,"date":"2024-02-14T18:52:57","date_gmt":"2024-02-14T17:52:57","guid":{"rendered":"https:\/\/letutudanza.it\/?post_type=product&#038;p=432868"},"modified":"2025-09-17T12:22:05","modified_gmt":"2025-09-17T10:22:05","slug":"sechs-schleiertanz-tutulette-copia","status":"publish","type":"product","link":"https:\/\/www.letutudanza.it\/de\/prodotto\/sechs-schleiertanz-tutulette-copia","title":{"rendered":"4-lagiges Tanz-Tutulette"},"content":{"rendered":"<p>Sechs Schleier, mit Lycra-H\u00f6schen, aus starrem T\u00fcll.<\/p>\n<p>Lieferzeit: 5 Tage.<\/p>\n","protected":false},"excerpt":{"rendered":"<p>Hergestellt aus 4 Lagen starrem T\u00fcll nach Ma\u00df. L\u00e4nge des ersten Schleiers: 25 cm<br \/>\n 3 cm breiter, elastischer Bund und Lycra-Slip.<\/p>\n","protected":false},"featured_media":433314,"template":"","meta":{"_acf_changed":false},"product_brand":[],"product_cat":[1976,1513],"product_tag":[],"class_list":{"0":"post-432868","1":"product","2":"type-product","3":"status-publish","4":"has-post-thumbnail","6":"product_cat-tutu-und-tutuletten","7":"product_cat-kleidung","8":"pa_brand-dl-tanzkleidung","10":"first","11":"instock","12":"shipping-taxable","13":"purchasable","14":"product-type-variable"},"acf":[],"_links":{"self":[{"href":"https:\/\/www.letutudanza.it\/de\/wp-json\/wp\/v2\/product\/432868","targetHints":{"allow":["GET"]}}],"collection":[{"href":"https:\/\/www.letutudanza.it\/de\/wp-json\/wp\/v2\/product"}],"about":[{"href":"https:\/\/www.letutudanza.it\/de\/wp-json\/wp\/v2\/types\/product"}],"wp:featuredmedia":[{"embeddable":true,"href":"https:\/\/www.letutudanza.it\/de\/wp-json\/wp\/v2\/media\/433314"}],"wp:attachment":[{"href":"https:\/\/www.letutudanza.it\/de\/wp-json\/wp\/v2\/media?parent=432868"}],"wp:term":[{"taxonomy":"product_brand","embeddable":true,"href":"https:\/\/www.letutudanza.it\/de\/wp-json\/wp\/v2\/product_brand?post=432868"},{"taxonomy":"product_cat","embeddable":true,"href":"https:\/\/www.letutudanza.it\/de\/wp-json\/wp\/v2\/product_cat?post=432868"},{"taxonomy":"product_tag","embeddable":true,"href":"https:\/\/www.letutudanza.it\/de\/wp-json\/wp\/v2\/product_tag?post=432868"}],"curies":[{"name":"wp","href":"https:\/\/api.w.org\/{rel}","templated":true}]}}