{"id":432247,"date":"2024-02-14T17:04:11","date_gmt":"2024-02-14T16:04:11","guid":{"rendered":"https:\/\/letutudanza.it\/?post_type=product&#038;p=432247"},"modified":"2025-09-17T11:38:12","modified_gmt":"2025-09-17T09:38:12","slug":"6-lagiges-tutu-copia","status":"publish","type":"product","link":"https:\/\/www.letutudanza.it\/de\/prodotto\/6-lagiges-tutu-copia","title":{"rendered":"4-lagiges Tutu"},"content":{"rendered":"<p>Ideal f\u00fcr Wettbewerbe, Auff\u00fchrungen oder Abschlussarbeiten<\/p>\n","protected":false},"excerpt":{"rendered":"<p>Mieder mit Lycra-Tr\u00e4gern auf der Vorderseite gef\u00fcttert.<br \/>\n Tutulette aus 4 Lagen starrem T\u00fcll nach Ma\u00df. Erste Schleierl\u00e4nge 25 cm<\/p>\n","protected":false},"featured_media":432765,"template":"","meta":{"_acf_changed":false},"product_brand":[],"product_cat":[1976,1513],"product_tag":[],"class_list":{"0":"post-432247","1":"product","2":"type-product","3":"status-publish","4":"has-post-thumbnail","6":"product_cat-tutu-und-tutuletten","7":"product_cat-kleidung","8":"pa_brand-dl-tanzkleidung","10":"first","11":"instock","12":"shipping-taxable","13":"purchasable","14":"product-type-variable"},"acf":[],"_links":{"self":[{"href":"https:\/\/www.letutudanza.it\/de\/wp-json\/wp\/v2\/product\/432247","targetHints":{"allow":["GET"]}}],"collection":[{"href":"https:\/\/www.letutudanza.it\/de\/wp-json\/wp\/v2\/product"}],"about":[{"href":"https:\/\/www.letutudanza.it\/de\/wp-json\/wp\/v2\/types\/product"}],"wp:featuredmedia":[{"embeddable":true,"href":"https:\/\/www.letutudanza.it\/de\/wp-json\/wp\/v2\/media\/432765"}],"wp:attachment":[{"href":"https:\/\/www.letutudanza.it\/de\/wp-json\/wp\/v2\/media?parent=432247"}],"wp:term":[{"taxonomy":"product_brand","embeddable":true,"href":"https:\/\/www.letutudanza.it\/de\/wp-json\/wp\/v2\/product_brand?post=432247"},{"taxonomy":"product_cat","embeddable":true,"href":"https:\/\/www.letutudanza.it\/de\/wp-json\/wp\/v2\/product_cat?post=432247"},{"taxonomy":"product_tag","embeddable":true,"href":"https:\/\/www.letutudanza.it\/de\/wp-json\/wp\/v2\/product_tag?post=432247"}],"curies":[{"name":"wp","href":"https:\/\/api.w.org\/{rel}","templated":true}]}}