{"id":431953,"date":"2024-02-05T17:22:55","date_gmt":"2024-02-05T16:22:55","guid":{"rendered":"https:\/\/letutudanza.it\/?post_type=product&#038;p=431953"},"modified":"2025-09-17T10:12:48","modified_gmt":"2025-09-17T08:12:48","slug":"tanz-jockstrap-fur-herren-aus-lycra-copia","status":"publish","type":"product","link":"https:\/\/www.letutudanza.it\/de\/prodotto\/tanz-jockstrap-fur-herren-aus-lycra-copia","title":{"rendered":"Tanz-Jockstrap f\u00fcr Herren aus Baumwolle"},"content":{"rendered":"","protected":false},"excerpt":{"rendered":"<p>Aus doppellagiger Baumwolle gefertigt und in der Taille nahtlos.<br \/>\n6 cm Gummiband auf der R\u00fcckseite.<br \/>\nErh\u00e4ltlich in den Farben Schwarz, Wei\u00df und Nude.<\/p>\n<p><strong>NB:<\/strong> Umtausch und\/oder R\u00fcckgabe f\u00fcr diese Art von Artikeln sind nicht m\u00f6glich<\/p>\n","protected":false},"featured_media":431987,"template":"","meta":{"_acf_changed":false},"product_brand":[],"product_cat":[2089,1516,1513,1443],"product_tag":[],"class_list":{"0":"post-431953","1":"product","2":"type-product","3":"status-publish","4":"has-post-thumbnail","6":"product_cat-tanzunterstutzung","7":"product_cat-herrenlinie","8":"product_cat-kleidung","9":"product_cat-tanzunterwasche-und-unterwasche","10":"pa_brand-dl-tanzkleidung","12":"first","13":"instock","14":"shipping-taxable","15":"purchasable","16":"product-type-variable"},"acf":[],"_links":{"self":[{"href":"https:\/\/www.letutudanza.it\/de\/wp-json\/wp\/v2\/product\/431953","targetHints":{"allow":["GET"]}}],"collection":[{"href":"https:\/\/www.letutudanza.it\/de\/wp-json\/wp\/v2\/product"}],"about":[{"href":"https:\/\/www.letutudanza.it\/de\/wp-json\/wp\/v2\/types\/product"}],"wp:featuredmedia":[{"embeddable":true,"href":"https:\/\/www.letutudanza.it\/de\/wp-json\/wp\/v2\/media\/431987"}],"wp:attachment":[{"href":"https:\/\/www.letutudanza.it\/de\/wp-json\/wp\/v2\/media?parent=431953"}],"wp:term":[{"taxonomy":"product_brand","embeddable":true,"href":"https:\/\/www.letutudanza.it\/de\/wp-json\/wp\/v2\/product_brand?post=431953"},{"taxonomy":"product_cat","embeddable":true,"href":"https:\/\/www.letutudanza.it\/de\/wp-json\/wp\/v2\/product_cat?post=431953"},{"taxonomy":"product_tag","embeddable":true,"href":"https:\/\/www.letutudanza.it\/de\/wp-json\/wp\/v2\/product_tag?post=431953"}],"curies":[{"name":"wp","href":"https:\/\/api.w.org\/{rel}","templated":true}]}}