{"id":431803,"date":"2024-02-05T16:04:08","date_gmt":"2024-02-05T15:04:08","guid":{"rendered":"https:\/\/letutudanza.it\/?post_type=product&#038;p=431803"},"modified":"2025-09-24T10:12:25","modified_gmt":"2025-09-24T08:12:25","slug":"tanz-jockstrap-fur-manner-aus-lycra-copia","status":"publish","type":"product","link":"https:\/\/www.letutudanza.it\/de\/prodotto\/tanz-jockstrap-fur-manner-aus-lycra-copia","title":{"rendered":"Tanz-Jockstrap f\u00fcr Herren aus Lycra"},"content":{"rendered":"","protected":false},"excerpt":{"rendered":"<p>Klassischer Jockstrap mit 2 cm elastischem Rand auf der Vorderseite. Vorne gef\u00fcttert und hinten 3 cm Gummiband.<br \/>\n Erh\u00e4ltlich in Schwarz, Wei\u00df und Nude.<\/p>\n<p><strong>NB:<\/strong> Umtausch und\/oder R\u00fcckgabe f\u00fcr diese Art von Artikeln sind nicht m\u00f6glich<\/p>\n","protected":false},"featured_media":431936,"template":"","meta":{"_acf_changed":false},"product_brand":[],"product_cat":[2089,1516,1513,1443],"product_tag":[],"class_list":{"0":"post-431803","1":"product","2":"type-product","3":"status-publish","4":"has-post-thumbnail","6":"product_cat-tanzunterstutzung","7":"product_cat-herrenlinie","8":"product_cat-kleidung","9":"product_cat-tanzunterwasche-und-unterwasche","10":"pa_brand-dl-tanzkleidung","12":"first","13":"instock","14":"shipping-taxable","15":"purchasable","16":"product-type-variable"},"acf":[],"_links":{"self":[{"href":"https:\/\/www.letutudanza.it\/de\/wp-json\/wp\/v2\/product\/431803","targetHints":{"allow":["GET"]}}],"collection":[{"href":"https:\/\/www.letutudanza.it\/de\/wp-json\/wp\/v2\/product"}],"about":[{"href":"https:\/\/www.letutudanza.it\/de\/wp-json\/wp\/v2\/types\/product"}],"wp:featuredmedia":[{"embeddable":true,"href":"https:\/\/www.letutudanza.it\/de\/wp-json\/wp\/v2\/media\/431936"}],"wp:attachment":[{"href":"https:\/\/www.letutudanza.it\/de\/wp-json\/wp\/v2\/media?parent=431803"}],"wp:term":[{"taxonomy":"product_brand","embeddable":true,"href":"https:\/\/www.letutudanza.it\/de\/wp-json\/wp\/v2\/product_brand?post=431803"},{"taxonomy":"product_cat","embeddable":true,"href":"https:\/\/www.letutudanza.it\/de\/wp-json\/wp\/v2\/product_cat?post=431803"},{"taxonomy":"product_tag","embeddable":true,"href":"https:\/\/www.letutudanza.it\/de\/wp-json\/wp\/v2\/product_tag?post=431803"}],"curies":[{"name":"wp","href":"https:\/\/api.w.org\/{rel}","templated":true}]}}