{"id":431335,"date":"2023-12-23T17:37:19","date_gmt":"2023-12-23T16:37:19","guid":{"rendered":"https:\/\/letutudanza.it\/?post_type=product&#038;p=431335"},"modified":"2025-03-22T08:26:37","modified_gmt":"2025-03-22T07:26:37","slug":"epiphany-dance-socke-copia-2","status":"publish","type":"product","link":"https:\/\/www.letutudanza.it\/de\/prodotto\/epiphany-dance-socke-copia-2","title":{"rendered":"Rosa Dreik\u00f6nigs-Tanzstrumpf"},"content":{"rendered":"<p>Handgefertigter Strumpf in Form eines Spitzenschuhs f\u00fcr das Dreik\u00f6nigsfest.<\/p>\n<p>Zweifarbige Filzstruktur mit dem brandneuen Glitzer- und Tupfenmuster! Satinb\u00e4nder, die sich kreuzen und schleifen, fein verziert mit Steinen oder Strasssteinen.<\/p>\n","protected":false},"excerpt":{"rendered":"<p>Dreik\u00f6nigsstrumpf in Form eines Spitzenschuhs.<br \/>\n aus zweifarbigem Filz, wei\u00df am Schaft und rosa am Zehenbereich<br \/>\n Kreuzende Satinb\u00e4nder, Spitzen und Bes\u00e4tze.<br \/>\n Haken aus Satinband, der auch das Aufh\u00e4ngen praktisch macht<\/p>\n","protected":false},"featured_media":431353,"template":"","meta":{"_acf_changed":false},"product_brand":[],"product_cat":[1470],"product_tag":[],"class_list":{"0":"post-431335","1":"product","2":"type-product","3":"status-publish","4":"has-post-thumbnail","6":"product_cat-geschenkideen","7":"pa_brand-dl-tanzkleidung","9":"first","10":"instock","11":"shipping-taxable","12":"purchasable","13":"product-type-simple"},"acf":[],"_links":{"self":[{"href":"https:\/\/www.letutudanza.it\/de\/wp-json\/wp\/v2\/product\/431335","targetHints":{"allow":["GET"]}}],"collection":[{"href":"https:\/\/www.letutudanza.it\/de\/wp-json\/wp\/v2\/product"}],"about":[{"href":"https:\/\/www.letutudanza.it\/de\/wp-json\/wp\/v2\/types\/product"}],"wp:featuredmedia":[{"embeddable":true,"href":"https:\/\/www.letutudanza.it\/de\/wp-json\/wp\/v2\/media\/431353"}],"wp:attachment":[{"href":"https:\/\/www.letutudanza.it\/de\/wp-json\/wp\/v2\/media?parent=431335"}],"wp:term":[{"taxonomy":"product_brand","embeddable":true,"href":"https:\/\/www.letutudanza.it\/de\/wp-json\/wp\/v2\/product_brand?post=431335"},{"taxonomy":"product_cat","embeddable":true,"href":"https:\/\/www.letutudanza.it\/de\/wp-json\/wp\/v2\/product_cat?post=431335"},{"taxonomy":"product_tag","embeddable":true,"href":"https:\/\/www.letutudanza.it\/de\/wp-json\/wp\/v2\/product_tag?post=431335"}],"curies":[{"name":"wp","href":"https:\/\/api.w.org\/{rel}","templated":true}]}}