{"id":431313,"date":"2023-12-23T17:09:52","date_gmt":"2023-12-23T16:09:52","guid":{"rendered":"https:\/\/letutudanza.it\/?post_type=product&#038;p=431313"},"modified":"2025-12-19T12:40:51","modified_gmt":"2025-12-19T11:40:51","slug":"bloch-im009b-tanzfuswarmer-pink-copia-copia-copia-copia","status":"publish","type":"product","link":"https:\/\/www.letutudanza.it\/de\/prodotto\/bloch-im009b-tanzfuswarmer-pink-copia-copia-copia-copia","title":{"rendered":"Bloch Baby Tanzfu\u00dfw\u00e4rmer IM009KB Farbe Schwarz"},"content":{"rendered":"<p>Entworfen von den Bloch-K\u00fcnstlern und ehemaligen T\u00e4nzern des American Ballet Theatre, Irina Dvorovenko und Max Beloserkovsky.<\/p>\n<p> Babymodel<\/p>\n","protected":false},"excerpt":{"rendered":"<p>Die brandneuen Fu\u00dfw\u00e4rmer von Bloch bieten au\u00dfergew\u00f6hnliche W\u00e4rme und Komfort. Hergestellt aus <strong>100 % Nylon<\/strong> mit einem Futter aus 100 % Polyester.<\/p>\n<ul>\n<li>Verstellbarer Kordelzug (NEU) oben am Stiefel f\u00fcr eine perfekte Passform<\/li>\n<li>Gepolsterte Ferse<\/li>\n<li>Rutschfeste Sohle<\/li>\n<li>Der kn\u00f6chelhohe Klettverschluss mit gummiertem Bloch-Logo erleichtert das Anziehen<\/li>\n<\/ul>\n<p>Sehr n\u00fctzlich, um <strong>sie vor einem Auftritt anzuziehen oder um die F\u00fc\u00dfe zwischen den Unterrichtsstunden warm zu halten<\/strong> . Bequem und praktisch auch \u00fcber Schuhen (in diesem Fall empfehlen wir den Kauf einer gr\u00f6\u00dferen Gr\u00f6\u00dfe zum Gehen)<\/p>\n<p>&nbsp;<\/p>\n","protected":false},"featured_media":430920,"template":"","meta":{"_acf_changed":false},"product_brand":[],"product_cat":[2096,1513,1522,1447,1448],"product_tag":[],"class_list":{"0":"post-431313","1":"product","2":"type-product","3":"status-publish","4":"has-post-thumbnail","6":"product_cat-fusswarmer","7":"product_cat-kleidung","8":"product_cat-sich-warm-laufen","9":"product_cat-zubehor","10":"product_cat-zubehor-fur-schuhe-und-fusse","11":"pa_brand-bloch-de","13":"first","14":"instock","15":"shipping-taxable","16":"purchasable","17":"product-type-variable"},"acf":[],"_links":{"self":[{"href":"https:\/\/www.letutudanza.it\/de\/wp-json\/wp\/v2\/product\/431313","targetHints":{"allow":["GET"]}}],"collection":[{"href":"https:\/\/www.letutudanza.it\/de\/wp-json\/wp\/v2\/product"}],"about":[{"href":"https:\/\/www.letutudanza.it\/de\/wp-json\/wp\/v2\/types\/product"}],"wp:featuredmedia":[{"embeddable":true,"href":"https:\/\/www.letutudanza.it\/de\/wp-json\/wp\/v2\/media\/430920"}],"wp:attachment":[{"href":"https:\/\/www.letutudanza.it\/de\/wp-json\/wp\/v2\/media?parent=431313"}],"wp:term":[{"taxonomy":"product_brand","embeddable":true,"href":"https:\/\/www.letutudanza.it\/de\/wp-json\/wp\/v2\/product_brand?post=431313"},{"taxonomy":"product_cat","embeddable":true,"href":"https:\/\/www.letutudanza.it\/de\/wp-json\/wp\/v2\/product_cat?post=431313"},{"taxonomy":"product_tag","embeddable":true,"href":"https:\/\/www.letutudanza.it\/de\/wp-json\/wp\/v2\/product_tag?post=431313"}],"curies":[{"name":"wp","href":"https:\/\/api.w.org\/{rel}","templated":true}]}}