{"id":431255,"date":"2023-12-20T17:07:35","date_gmt":"2023-12-20T16:07:35","guid":{"rendered":"https:\/\/letutudanza.it\/?post_type=product&#038;p=431255"},"modified":"2026-02-21T12:11:09","modified_gmt":"2026-02-21T11:11:09","slug":"kleines-tanz-portemonnaie-mit-spitzenschuhen-und-rosa-tutus-copia","status":"publish","type":"product","link":"https:\/\/www.letutudanza.it\/de\/prodotto\/kleines-tanz-portemonnaie-mit-spitzenschuhen-und-rosa-tutus-copia","title":{"rendered":"Kleine rosa Geldb\u00f6rse mit Spitzenschuhen"},"content":{"rendered":"<p>Portemonnaie aus Kunstleder mit Spitzenschuhen und Tutu-Design auf beiden Seiten.<br \/>\nInnenfach mit 6 F\u00e4chern f\u00fcr Karten oder Dokumente und Mittelf\u00e4cher, davon eines mit Rei\u00dfverschluss f\u00fcr Geldscheine oder M\u00fcnzen.<\/p>\n<p>Gr\u00f6\u00dfe: ca. 14 x 10 cm.<\/p>\n","protected":false},"excerpt":{"rendered":"<p>Geldb\u00f6rse aus Kunstleder mit dem Bild eines Paares Spitzenschuhe<br \/>\n Innenfach mit 6 F\u00e4chern f\u00fcr Karten oder Dokumente und Mittelf\u00e4chern, von denen eines einen Rei\u00dfverschluss f\u00fcr Banknoten oder M\u00fcnzen hat.<\/p>\n<p> Gr\u00f6\u00dfe: ca. 14 x 10 cm.<\/p>\n","protected":false},"featured_media":387338,"template":"","meta":{"_acf_changed":false},"product_brand":[],"product_cat":[1470,1447],"product_tag":[],"class_list":{"0":"post-431255","1":"product","2":"type-product","3":"status-publish","4":"has-post-thumbnail","6":"product_cat-geschenkideen","7":"product_cat-zubehor","8":"pa_brand-girardi-de","10":"first","11":"instock","12":"shipping-taxable","13":"purchasable","14":"product-type-simple"},"acf":[],"_links":{"self":[{"href":"https:\/\/www.letutudanza.it\/de\/wp-json\/wp\/v2\/product\/431255","targetHints":{"allow":["GET"]}}],"collection":[{"href":"https:\/\/www.letutudanza.it\/de\/wp-json\/wp\/v2\/product"}],"about":[{"href":"https:\/\/www.letutudanza.it\/de\/wp-json\/wp\/v2\/types\/product"}],"wp:featuredmedia":[{"embeddable":true,"href":"https:\/\/www.letutudanza.it\/de\/wp-json\/wp\/v2\/media\/387338"}],"wp:attachment":[{"href":"https:\/\/www.letutudanza.it\/de\/wp-json\/wp\/v2\/media?parent=431255"}],"wp:term":[{"taxonomy":"product_brand","embeddable":true,"href":"https:\/\/www.letutudanza.it\/de\/wp-json\/wp\/v2\/product_brand?post=431255"},{"taxonomy":"product_cat","embeddable":true,"href":"https:\/\/www.letutudanza.it\/de\/wp-json\/wp\/v2\/product_cat?post=431255"},{"taxonomy":"product_tag","embeddable":true,"href":"https:\/\/www.letutudanza.it\/de\/wp-json\/wp\/v2\/product_tag?post=431255"}],"curies":[{"name":"wp","href":"https:\/\/api.w.org\/{rel}","templated":true}]}}