{"id":431215,"date":"2023-12-18T17:24:05","date_gmt":"2023-12-18T16:24:05","guid":{"rendered":"https:\/\/letutudanza.it\/?post_type=product&#038;p=431215"},"modified":"2025-12-15T11:54:45","modified_gmt":"2025-12-15T10:54:45","slug":"bloch-im009b-tanzfuswarmer-pink-copia","status":"publish","type":"product","link":"https:\/\/www.letutudanza.it\/de\/prodotto\/bloch-im009b-tanzfuswarmer-pink-copia","title":{"rendered":"Bloch Baby IM009KB Tanzfu\u00dfw\u00e4rmer, Rosa"},"content":{"rendered":"<p>Entworfen von den Bloch-K\u00fcnstlern und ehemaligen T\u00e4nzern des American Ballet Theatre Irina Dvorovenko und Max Beloserkovsky.<br \/>\n Babymodell<\/p>\n","protected":false},"excerpt":{"rendered":"<p>Die brandneuen Fu\u00dfw\u00e4rmer von Bloch bieten au\u00dfergew\u00f6hnliche W\u00e4rme und Komfort.<br \/>\n Aus 100 % Nylon mit einem Futter aus 100 % Polyester.<\/p>\n<ul>\n<li>Verstellbarer Kordelzug (NEU) oben am Stiefel f\u00fcr eine perfekte Passform<\/li>\n<li>Gepolsterte Ferse<\/li>\n<li>Rutschfeste Sohle<\/li>\n<li>Der kn\u00f6chelhohe Klettverschluss mit gummiertem Bloch-Logo erleichtert das Anziehen<\/li>\n<\/ul>\n<p>Sehr n\u00fctzlich zum Anziehen vor dem Auftritt oder um die F\u00fc\u00dfe zwischen den Unterrichtsstunden warm zu halten.<br \/>\n Bequem und praktisch, auch \u00fcber Schuhen (in diesem Fall empfehlen wir, eine Nummer gr\u00f6\u00dfer zu kaufen als zum Gehen)<\/p>\n<p>&nbsp;<\/p>\n","protected":false},"featured_media":430929,"template":"","meta":{"_acf_changed":false},"product_brand":[],"product_cat":[2096,1513,1522,1447,1448],"product_tag":[],"class_list":{"0":"post-431215","1":"product","2":"type-product","3":"status-publish","4":"has-post-thumbnail","6":"product_cat-fusswarmer","7":"product_cat-kleidung","8":"product_cat-sich-warm-laufen","9":"product_cat-zubehor","10":"product_cat-zubehor-fur-schuhe-und-fusse","11":"pa_brand-bloch-de","13":"first","14":"instock","15":"shipping-taxable","16":"purchasable","17":"product-type-variable"},"acf":[],"_links":{"self":[{"href":"https:\/\/www.letutudanza.it\/de\/wp-json\/wp\/v2\/product\/431215","targetHints":{"allow":["GET"]}}],"collection":[{"href":"https:\/\/www.letutudanza.it\/de\/wp-json\/wp\/v2\/product"}],"about":[{"href":"https:\/\/www.letutudanza.it\/de\/wp-json\/wp\/v2\/types\/product"}],"wp:featuredmedia":[{"embeddable":true,"href":"https:\/\/www.letutudanza.it\/de\/wp-json\/wp\/v2\/media\/430929"}],"wp:attachment":[{"href":"https:\/\/www.letutudanza.it\/de\/wp-json\/wp\/v2\/media?parent=431215"}],"wp:term":[{"taxonomy":"product_brand","embeddable":true,"href":"https:\/\/www.letutudanza.it\/de\/wp-json\/wp\/v2\/product_brand?post=431215"},{"taxonomy":"product_cat","embeddable":true,"href":"https:\/\/www.letutudanza.it\/de\/wp-json\/wp\/v2\/product_cat?post=431215"},{"taxonomy":"product_tag","embeddable":true,"href":"https:\/\/www.letutudanza.it\/de\/wp-json\/wp\/v2\/product_tag?post=431215"}],"curies":[{"name":"wp","href":"https:\/\/api.w.org\/{rel}","templated":true}]}}