{"id":430627,"date":"2023-11-25T14:35:28","date_gmt":"2023-11-25T13:35:28","guid":{"rendered":"https:\/\/letutudanza.it\/?post_type=product&#038;p=430627"},"modified":"2025-03-22T08:26:36","modified_gmt":"2025-03-22T07:26:36","slug":"rosa-mini-tutu-schlusselanhanger","status":"publish","type":"product","link":"https:\/\/www.letutudanza.it\/de\/prodotto\/rosa-mini-tutu-schlusselanhanger","title":{"rendered":"Rosa Mini-Tutu-Schl\u00fcsselanh\u00e4nger"},"content":{"rendered":"<p>Mini-Tutu-Schl\u00fcsselanh\u00e4nger. Gro\u00dfartig, um Ihrer Tanztasche einen Hauch von Farbe zu verleihen und perfekt als Geschenkidee<\/p>\n","protected":false},"excerpt":{"rendered":"<p>Gro\u00dfartig, um Ihrer Tanztasche einen Hauch von Farbe zu verleihen und perfekt als Geschenkidee<\/p>\n","protected":false},"featured_media":430637,"template":"","meta":{"_acf_changed":false},"product_brand":[],"product_cat":[1470],"product_tag":[],"class_list":{"0":"post-430627","1":"product","2":"type-product","3":"status-publish","4":"has-post-thumbnail","6":"product_cat-geschenkideen","7":"pa_brand-katz-de","9":"first","10":"outofstock","11":"shipping-taxable","12":"purchasable","13":"product-type-simple"},"acf":[],"_links":{"self":[{"href":"https:\/\/www.letutudanza.it\/de\/wp-json\/wp\/v2\/product\/430627","targetHints":{"allow":["GET"]}}],"collection":[{"href":"https:\/\/www.letutudanza.it\/de\/wp-json\/wp\/v2\/product"}],"about":[{"href":"https:\/\/www.letutudanza.it\/de\/wp-json\/wp\/v2\/types\/product"}],"wp:featuredmedia":[{"embeddable":true,"href":"https:\/\/www.letutudanza.it\/de\/wp-json\/wp\/v2\/media\/430637"}],"wp:attachment":[{"href":"https:\/\/www.letutudanza.it\/de\/wp-json\/wp\/v2\/media?parent=430627"}],"wp:term":[{"taxonomy":"product_brand","embeddable":true,"href":"https:\/\/www.letutudanza.it\/de\/wp-json\/wp\/v2\/product_brand?post=430627"},{"taxonomy":"product_cat","embeddable":true,"href":"https:\/\/www.letutudanza.it\/de\/wp-json\/wp\/v2\/product_cat?post=430627"},{"taxonomy":"product_tag","embeddable":true,"href":"https:\/\/www.letutudanza.it\/de\/wp-json\/wp\/v2\/product_tag?post=430627"}],"curies":[{"name":"wp","href":"https:\/\/api.w.org\/{rel}","templated":true}]}}