{"id":427776,"date":"2023-11-13T17:19:18","date_gmt":"2023-11-13T16:19:18","guid":{"rendered":"https:\/\/letutudanza.it\/?post_type=product&#038;p=427776"},"modified":"2026-01-31T16:13:32","modified_gmt":"2026-01-31T15:13:32","slug":"elastisches-band-widerstandsband-dansez-vous","status":"publish","type":"product","link":"https:\/\/www.letutudanza.it\/de\/prodotto\/elastisches-band-widerstandsband-dansez-vous","title":{"rendered":"Banda Elastica Resistance Band Dansez-Vous?"},"content":{"rendered":"<p>Packung bestehend aus zwei B\u00e4ndern mit unterschiedlichen Texturen, um die Muskeln zu dehnen und zu straffen und die \u00d6ffnungen zu verbessern!<br \/>\nIn der Verpackung finden Sie ein mittelstarkes blaugr\u00fcnes Band und ein st\u00e4rkeres rosa.<\/p>\n<p>Material: 100 % Latex<\/p>\n<p>L\u00e4nge: 120 cm<\/p>\n","protected":false},"excerpt":{"rendered":"<p>Dansez-Vous-Gummib\u00e4nder? Sie sind \u00e4u\u00dferst n\u00fctzlich, um den Spann zu st\u00e4rken und die Flexibilit\u00e4t jedes T\u00e4nzers zu verbessern.<br \/>\n Sie werden auch allgemein zum Dehnen verwendet.<\/p>\n<p>Material: PVC<\/p>\n<p>Ma\u00dfe: 146,7 x 15 cm<\/p>\n","protected":false},"featured_media":427787,"template":"","meta":{"_acf_changed":false},"product_brand":[],"product_cat":[1449,1447],"product_tag":[],"class_list":{"0":"post-427776","1":"product","2":"type-product","3":"status-publish","4":"has-post-thumbnail","6":"product_cat-dehnen-und-trainieren","7":"product_cat-zubehor","8":"pa_brand-dansez-vous-de","10":"first","11":"instock","12":"shipping-taxable","13":"purchasable","14":"product-type-variable"},"acf":[],"_links":{"self":[{"href":"https:\/\/www.letutudanza.it\/de\/wp-json\/wp\/v2\/product\/427776","targetHints":{"allow":["GET"]}}],"collection":[{"href":"https:\/\/www.letutudanza.it\/de\/wp-json\/wp\/v2\/product"}],"about":[{"href":"https:\/\/www.letutudanza.it\/de\/wp-json\/wp\/v2\/types\/product"}],"wp:featuredmedia":[{"embeddable":true,"href":"https:\/\/www.letutudanza.it\/de\/wp-json\/wp\/v2\/media\/427787"}],"wp:attachment":[{"href":"https:\/\/www.letutudanza.it\/de\/wp-json\/wp\/v2\/media?parent=427776"}],"wp:term":[{"taxonomy":"product_brand","embeddable":true,"href":"https:\/\/www.letutudanza.it\/de\/wp-json\/wp\/v2\/product_brand?post=427776"},{"taxonomy":"product_cat","embeddable":true,"href":"https:\/\/www.letutudanza.it\/de\/wp-json\/wp\/v2\/product_cat?post=427776"},{"taxonomy":"product_tag","embeddable":true,"href":"https:\/\/www.letutudanza.it\/de\/wp-json\/wp\/v2\/product_tag?post=427776"}],"curies":[{"name":"wp","href":"https:\/\/api.w.org\/{rel}","templated":true}]}}