{"id":427722,"date":"2023-11-10T16:19:21","date_gmt":"2023-11-10T15:19:21","guid":{"rendered":"https:\/\/letutudanza.it\/?post_type=product&#038;p=427722"},"modified":"2025-12-17T10:22:17","modified_gmt":"2025-12-17T09:22:17","slug":"zehenschoner-in-gel-dl-tanzbekleidung","status":"publish","type":"product","link":"https:\/\/www.letutudanza.it\/de\/prodotto\/zehenschoner-in-gel-dl-tanzbekleidung","title":{"rendered":"DL Dancewear Gel-Zehenschutz"},"content":{"rendered":"<p>Dieses Produkt ist sto\u00dffest, schwingungsd\u00e4mpfend, sto\u00dfd\u00e4mpfend, antibakteriell und mit einer au\u00dfergew\u00f6hnlichen Elastizit\u00e4t auch bei hohen Temperaturen waschbar.<\/p>\n","protected":false},"excerpt":{"rendered":"<p>Hergestellt aus silikonfreiem Gel, d\u00fcnn an den Seiten, aber mit l\u00e4ngeren Flossen ausgestattet, die einen vollst\u00e4ndigen Schutz des Mittelfu\u00dfknochens bieten. Ultradick an der Spitze, um Komfort und hervorragende Stabilit\u00e4t zu gew\u00e4hrleisten und die Reibung auf dem Boden zu reduzieren.<br \/>\n Rosa Farbe, Spitzenst\u00e4rke 6 mm.<\/p>\n<p>Eine Gr\u00f6sse passt allen.<\/p>\n","protected":false},"featured_media":427726,"template":"","meta":{"_acf_changed":false},"product_brand":[],"product_cat":[1448,1447],"product_tag":[],"class_list":{"0":"post-427722","1":"product","2":"type-product","3":"status-publish","4":"has-post-thumbnail","6":"product_cat-zubehor-fur-schuhe-und-fusse","7":"product_cat-zubehor","8":"pa_brand-dl-tanzkleidung","10":"first","11":"instock","12":"shipping-taxable","13":"purchasable","14":"product-type-simple"},"acf":[],"_links":{"self":[{"href":"https:\/\/www.letutudanza.it\/de\/wp-json\/wp\/v2\/product\/427722","targetHints":{"allow":["GET"]}}],"collection":[{"href":"https:\/\/www.letutudanza.it\/de\/wp-json\/wp\/v2\/product"}],"about":[{"href":"https:\/\/www.letutudanza.it\/de\/wp-json\/wp\/v2\/types\/product"}],"wp:featuredmedia":[{"embeddable":true,"href":"https:\/\/www.letutudanza.it\/de\/wp-json\/wp\/v2\/media\/427726"}],"wp:attachment":[{"href":"https:\/\/www.letutudanza.it\/de\/wp-json\/wp\/v2\/media?parent=427722"}],"wp:term":[{"taxonomy":"product_brand","embeddable":true,"href":"https:\/\/www.letutudanza.it\/de\/wp-json\/wp\/v2\/product_brand?post=427722"},{"taxonomy":"product_cat","embeddable":true,"href":"https:\/\/www.letutudanza.it\/de\/wp-json\/wp\/v2\/product_cat?post=427722"},{"taxonomy":"product_tag","embeddable":true,"href":"https:\/\/www.letutudanza.it\/de\/wp-json\/wp\/v2\/product_tag?post=427722"}],"curies":[{"name":"wp","href":"https:\/\/api.w.org\/{rel}","templated":true}]}}