{"id":427699,"date":"2023-11-10T15:51:30","date_gmt":"2023-11-10T14:51:30","guid":{"rendered":"https:\/\/letutudanza.it\/?post_type=product&#038;p=427699"},"modified":"2025-12-11T11:56:26","modified_gmt":"2025-12-11T10:56:26","slug":"zehenschoner-in-latex-elastischer-dl-tanzbekleidung","status":"publish","type":"product","link":"https:\/\/www.letutudanza.it\/de\/prodotto\/zehenschoner-in-latex-elastischer-dl-tanzbekleidung","title":{"rendered":"Zehenschutz aus elastischem Latex von DL Dancewear"},"content":{"rendered":"<p>Erh\u00e4ltlich in den Gr\u00f6\u00dfen S, M und L<\/p>\n","protected":false},"excerpt":{"rendered":"<p>Wei\u00dfe Zehensch\u00fctzer aus elastischem Latex.<br \/>\n Die anatomische Form und die Elastizit\u00e4t des Materials bieten dem Fu\u00df beim Zehenkontakt eine au\u00dfergew\u00f6hnliche Passform.<\/p>\n","protected":false},"featured_media":427714,"template":"","meta":{"_acf_changed":false},"product_brand":[],"product_cat":[1448,1447],"product_tag":[],"class_list":{"0":"post-427699","1":"product","2":"type-product","3":"status-publish","4":"has-post-thumbnail","6":"product_cat-zubehor-fur-schuhe-und-fusse","7":"product_cat-zubehor","8":"pa_brand-dl-tanzkleidung","10":"first","11":"instock","12":"shipping-taxable","13":"purchasable","14":"product-type-variable"},"acf":[],"_links":{"self":[{"href":"https:\/\/www.letutudanza.it\/de\/wp-json\/wp\/v2\/product\/427699","targetHints":{"allow":["GET"]}}],"collection":[{"href":"https:\/\/www.letutudanza.it\/de\/wp-json\/wp\/v2\/product"}],"about":[{"href":"https:\/\/www.letutudanza.it\/de\/wp-json\/wp\/v2\/types\/product"}],"wp:featuredmedia":[{"embeddable":true,"href":"https:\/\/www.letutudanza.it\/de\/wp-json\/wp\/v2\/media\/427714"}],"wp:attachment":[{"href":"https:\/\/www.letutudanza.it\/de\/wp-json\/wp\/v2\/media?parent=427699"}],"wp:term":[{"taxonomy":"product_brand","embeddable":true,"href":"https:\/\/www.letutudanza.it\/de\/wp-json\/wp\/v2\/product_brand?post=427699"},{"taxonomy":"product_cat","embeddable":true,"href":"https:\/\/www.letutudanza.it\/de\/wp-json\/wp\/v2\/product_cat?post=427699"},{"taxonomy":"product_tag","embeddable":true,"href":"https:\/\/www.letutudanza.it\/de\/wp-json\/wp\/v2\/product_tag?post=427699"}],"curies":[{"name":"wp","href":"https:\/\/api.w.org\/{rel}","templated":true}]}}