{"id":425882,"date":"2023-10-19T10:42:18","date_gmt":"2023-10-19T08:42:18","guid":{"rendered":"https:\/\/letutudanza.it\/prodotto\/technisches-latz-tanz-sweatshirt"},"modified":"2026-01-18T10:52:56","modified_gmt":"2026-01-18T09:52:56","slug":"schweistanz-in-latzhose-technik","status":"publish","type":"product","link":"https:\/\/www.letutudanza.it\/de\/prodotto\/schweistanz-in-latzhose-technik","title":{"rendered":"Technische Tanzlatzhose mit verstellbarem Kordelzug"},"content":{"rendered":"<h2 style=\"text-align: center;\">Technischer Latzanzug f\u00fcr professionellen Tanz<\/h2>\n<p>Dieses Funktions-Tanz-Sweatshirt wurde f\u00fcr ein intensives und effektives Aufw\u00e4rmen der Muskulatur entwickelt. Das nicht atmungsaktive Material erzeugt einen Saunaeffekt, der das Schwitzen w\u00e4hrend des Trainings und der Proben f\u00f6rdert. <\/p>\n<p>Die gerafften elastischen Tr\u00e4ger und die drei verstellbaren Kordelz\u00fcge an Brust, Taille und Kn\u00f6cheln sorgen f\u00fcr eine perfekte Passform. Erh\u00e4ltlich in Schwarz, ideal f\u00fcr Ballett-, Modern- und Contemporary-T\u00e4nzer. <\/p>\n","protected":false},"excerpt":{"rendered":"<p>Technisches Tanz-Sweatshirt aus Latzhosenmaterial mit elastischen, gerafften Tr\u00e4gern. <strong>Es verf\u00fcgt \u00fcber drei Kordelz\u00fcge<\/strong> zur individuellen Anpassung an Brust, Taille und Kn\u00f6cheln.<br \/>\n Hergestellt aus <strong>nicht atmungsaktivem Gewebe<\/strong> , das einen Saunaeffekt erzeugt und so das Schwitzen der Muskeln w\u00e4hrend der Benutzung f\u00f6rdert.<\/p>\n","protected":false},"featured_media":423592,"template":"","meta":{"_acf_changed":false},"product_brand":[],"product_cat":[1590,1634,1597,1516,1513,1522],"product_tag":[],"class_list":{"0":"post-425882","1":"product","2":"type-product","3":"status-publish","4":"has-post-thumbnail","6":"product_cat-schweiss","7":"product_cat-akademische-anzuge-fur-mann","8":"product_cat-anzuge","9":"product_cat-herrenlinie","10":"product_cat-kleidung","11":"product_cat-sich-warm-laufen","12":"pa_brand-dl-tanzkleidung","14":"first","15":"instock","16":"shipping-taxable","17":"purchasable","18":"product-type-variable"},"acf":[],"_links":{"self":[{"href":"https:\/\/www.letutudanza.it\/de\/wp-json\/wp\/v2\/product\/425882","targetHints":{"allow":["GET"]}}],"collection":[{"href":"https:\/\/www.letutudanza.it\/de\/wp-json\/wp\/v2\/product"}],"about":[{"href":"https:\/\/www.letutudanza.it\/de\/wp-json\/wp\/v2\/types\/product"}],"wp:featuredmedia":[{"embeddable":true,"href":"https:\/\/www.letutudanza.it\/de\/wp-json\/wp\/v2\/media\/423592"}],"wp:attachment":[{"href":"https:\/\/www.letutudanza.it\/de\/wp-json\/wp\/v2\/media?parent=425882"}],"wp:term":[{"taxonomy":"product_brand","embeddable":true,"href":"https:\/\/www.letutudanza.it\/de\/wp-json\/wp\/v2\/product_brand?post=425882"},{"taxonomy":"product_cat","embeddable":true,"href":"https:\/\/www.letutudanza.it\/de\/wp-json\/wp\/v2\/product_cat?post=425882"},{"taxonomy":"product_tag","embeddable":true,"href":"https:\/\/www.letutudanza.it\/de\/wp-json\/wp\/v2\/product_tag?post=425882"}],"curies":[{"name":"wp","href":"https:\/\/api.w.org\/{rel}","templated":true}]}}