{"id":423423,"date":"2023-10-18T00:02:13","date_gmt":"2023-10-17T22:02:13","guid":{"rendered":"https:\/\/letutudanza.it\/prodotto\/natan-herren-sporthose"},"modified":"2025-09-24T10:19:59","modified_gmt":"2025-09-24T08:19:59","slug":"herren-natan-sporthosen","status":"publish","type":"product","link":"https:\/\/www.letutudanza.it\/de\/prodotto\/herren-natan-sporthosen","title":{"rendered":"Natan Herren-Sporthose"},"content":{"rendered":"","protected":false},"excerpt":{"rendered":"<p>Hose aus Mikrofaser, hoher elastischer Bund und Beinabschl\u00fcsse in Schwarz.<br \/>\n Zwei Taschen auf der Vorderseite und eine Naht auf der R\u00fcckseite, die die Linie des Ges\u00e4\u00dfes betont.<br \/>\n Dieser Artikel wird mit 2 Gummib\u00e4ndern geliefert, die Sie an den Knien befestigen k\u00f6nnen, wenn Sie einen ausgestellten Effekt w\u00fcnschen.<\/p>\n","protected":false},"featured_media":423242,"template":"","meta":{"_acf_changed":false},"product_brand":[],"product_cat":[1517,1516,1513],"product_tag":[],"class_list":{"0":"post-423423","1":"product","2":"type-product","3":"status-publish","4":"has-post-thumbnail","6":"product_cat-herrenhosen-und-shorts","7":"product_cat-herrenlinie","8":"product_cat-kleidung","9":"pa_brand-dl-tanzkleidung","11":"first","12":"instock","13":"shipping-taxable","14":"purchasable","15":"product-type-variable"},"acf":[],"_links":{"self":[{"href":"https:\/\/www.letutudanza.it\/de\/wp-json\/wp\/v2\/product\/423423","targetHints":{"allow":["GET"]}}],"collection":[{"href":"https:\/\/www.letutudanza.it\/de\/wp-json\/wp\/v2\/product"}],"about":[{"href":"https:\/\/www.letutudanza.it\/de\/wp-json\/wp\/v2\/types\/product"}],"wp:featuredmedia":[{"embeddable":true,"href":"https:\/\/www.letutudanza.it\/de\/wp-json\/wp\/v2\/media\/423242"}],"wp:attachment":[{"href":"https:\/\/www.letutudanza.it\/de\/wp-json\/wp\/v2\/media?parent=423423"}],"wp:term":[{"taxonomy":"product_brand","embeddable":true,"href":"https:\/\/www.letutudanza.it\/de\/wp-json\/wp\/v2\/product_brand?post=423423"},{"taxonomy":"product_cat","embeddable":true,"href":"https:\/\/www.letutudanza.it\/de\/wp-json\/wp\/v2\/product_cat?post=423423"},{"taxonomy":"product_tag","embeddable":true,"href":"https:\/\/www.letutudanza.it\/de\/wp-json\/wp\/v2\/product_tag?post=423423"}],"curies":[{"name":"wp","href":"https:\/\/api.w.org\/{rel}","templated":true}]}}