{"id":421345,"date":"2023-10-17T22:57:38","date_gmt":"2023-10-17T20:57:38","guid":{"rendered":"https:\/\/letutudanza.it\/?post_type=product&#038;p=421345"},"modified":"2025-09-24T15:41:15","modified_gmt":"2025-09-24T13:41:15","slug":"tanz-strumpfhosen-mann-mit-hosentrager-und-fus-kopie","status":"publish","type":"product","link":"https:\/\/www.letutudanza.it\/de\/prodotto\/tanz-strumpfhosen-mann-mit-hosentrager-und-fus-kopie","title":{"rendered":"Radsport-Tanzhose f\u00fcr Herren mit Ruben-Hosentr\u00e4gern"},"content":{"rendered":"","protected":false},"excerpt":{"rendered":"<p>Radhose mit brustbeinhohem Bund. Nur auf der Vorderseite vorgen\u00e4hte elastische B\u00e4nder, die es dem T\u00e4nzer erm\u00f6glichen, sie sowohl in der L\u00e4nge als auch in der gew\u00fcnschten Position auf der R\u00fcckseite (linear oder gekreuzt) anzupassen.<\/p>\n<p><strong>Hinweis:<\/strong> Die Hosentr\u00e4ger sind wei\u00df<\/p>\n<p>&nbsp;<\/p>\n","protected":false},"featured_media":421529,"template":"","meta":{"_acf_changed":false},"product_brand":[],"product_cat":[1633,1517,1516,1513],"product_tag":[],"class_list":{"0":"post-421345","1":"product","2":"type-product","3":"status-publish","4":"has-post-thumbnail","6":"product_cat-strumpfhosen-und-socken-fur-herren","7":"product_cat-herrenhosen-und-shorts","8":"product_cat-herrenlinie","9":"product_cat-kleidung","10":"pa_brand-dl-tanzkleidung","12":"first","13":"instock","14":"shipping-taxable","15":"purchasable","16":"product-type-variable"},"acf":[],"_links":{"self":[{"href":"https:\/\/www.letutudanza.it\/de\/wp-json\/wp\/v2\/product\/421345","targetHints":{"allow":["GET"]}}],"collection":[{"href":"https:\/\/www.letutudanza.it\/de\/wp-json\/wp\/v2\/product"}],"about":[{"href":"https:\/\/www.letutudanza.it\/de\/wp-json\/wp\/v2\/types\/product"}],"wp:featuredmedia":[{"embeddable":true,"href":"https:\/\/www.letutudanza.it\/de\/wp-json\/wp\/v2\/media\/421529"}],"wp:attachment":[{"href":"https:\/\/www.letutudanza.it\/de\/wp-json\/wp\/v2\/media?parent=421345"}],"wp:term":[{"taxonomy":"product_brand","embeddable":true,"href":"https:\/\/www.letutudanza.it\/de\/wp-json\/wp\/v2\/product_brand?post=421345"},{"taxonomy":"product_cat","embeddable":true,"href":"https:\/\/www.letutudanza.it\/de\/wp-json\/wp\/v2\/product_cat?post=421345"},{"taxonomy":"product_tag","embeddable":true,"href":"https:\/\/www.letutudanza.it\/de\/wp-json\/wp\/v2\/product_tag?post=421345"}],"curies":[{"name":"wp","href":"https:\/\/api.w.org\/{rel}","templated":true}]}}