{"id":421072,"date":"2023-10-17T12:14:03","date_gmt":"2023-10-17T10:14:03","guid":{"rendered":"https:\/\/letutudanza.it\/prodotto\/herren-tanzstrumpfhose-mit-hosentraegern-und-fuss"},"modified":"2025-09-24T16:02:07","modified_gmt":"2025-09-24T14:02:07","slug":"herren-tanzstrumpfhose-mit-fus-und-hosentragern","status":"publish","type":"product","link":"https:\/\/www.letutudanza.it\/de\/prodotto\/herren-tanzstrumpfhose-mit-fus-und-hosentragern","title":{"rendered":"Robert Herren-Tanzstrumpfhose mit Hosentr\u00e4gern und Fu\u00df"},"content":{"rendered":"","protected":false},"excerpt":{"rendered":"<p>Brusthohe Strumpfhose, Modell mit Fu\u00df.<br \/>\n Vorgen\u00e4hte elastische B\u00e4nder nur auf der Vorderseite, die es der T\u00e4nzerin erm\u00f6glichen, sie sowohl in der L\u00e4nge als auch in der gew\u00fcnschten Position auf der R\u00fcckseite (linear oder gekreuzt) anzupassen.<\/p>\n<p> <strong>NB:<\/strong> Die Hosentr\u00e4ger sind wei\u00df<\/p>\n","protected":false},"featured_media":419250,"template":"","meta":{"_acf_changed":false},"product_brand":[],"product_cat":[1633,1517,1516,1513],"product_tag":[],"class_list":{"0":"post-421072","1":"product","2":"type-product","3":"status-publish","4":"has-post-thumbnail","6":"product_cat-strumpfhosen-und-socken-fur-herren","7":"product_cat-herrenhosen-und-shorts","8":"product_cat-herrenlinie","9":"product_cat-kleidung","10":"pa_brand-dl-tanzkleidung","12":"first","13":"instock","14":"shipping-taxable","15":"purchasable","16":"product-type-variable"},"acf":[],"_links":{"self":[{"href":"https:\/\/www.letutudanza.it\/de\/wp-json\/wp\/v2\/product\/421072","targetHints":{"allow":["GET"]}}],"collection":[{"href":"https:\/\/www.letutudanza.it\/de\/wp-json\/wp\/v2\/product"}],"about":[{"href":"https:\/\/www.letutudanza.it\/de\/wp-json\/wp\/v2\/types\/product"}],"wp:featuredmedia":[{"embeddable":true,"href":"https:\/\/www.letutudanza.it\/de\/wp-json\/wp\/v2\/media\/419250"}],"wp:attachment":[{"href":"https:\/\/www.letutudanza.it\/de\/wp-json\/wp\/v2\/media?parent=421072"}],"wp:term":[{"taxonomy":"product_brand","embeddable":true,"href":"https:\/\/www.letutudanza.it\/de\/wp-json\/wp\/v2\/product_brand?post=421072"},{"taxonomy":"product_cat","embeddable":true,"href":"https:\/\/www.letutudanza.it\/de\/wp-json\/wp\/v2\/product_cat?post=421072"},{"taxonomy":"product_tag","embeddable":true,"href":"https:\/\/www.letutudanza.it\/de\/wp-json\/wp\/v2\/product_tag?post=421072"}],"curies":[{"name":"wp","href":"https:\/\/api.w.org\/{rel}","templated":true}]}}