{"id":415219,"date":"2023-10-11T18:20:41","date_gmt":"2023-10-11T16:20:41","guid":{"rendered":"https:\/\/letutudanza.it\/prodotto\/traeger-tanzbody-mit-besonderem-ines-ausschnitt"},"modified":"2025-09-12T12:42:47","modified_gmt":"2025-09-12T10:42:47","slug":"tanzbodysuit-mit-tragern-mit-besonderem-ausschnitt-2","status":"publish","type":"product","link":"https:\/\/www.letutudanza.it\/de\/prodotto\/tanzbodysuit-mit-tragern-mit-besonderem-ausschnitt-2","title":{"rendered":"Tr\u00e4ger-Tanzbody mit besonderem Ines-Ausschnitt"},"content":{"rendered":"<p>Ideal f\u00fcr Mittel- oder Fortgeschrittenenkurse sowie f\u00fcr klassische Disziplinen und Charakterdisziplinen<\/p>\n","protected":false},"excerpt":{"rendered":"<p>Tr\u00e4gerbody mit Brustausschnitt vorne.<br \/>\nTiefer Ausschnitt am R\u00fccken mit Abschluss unter den Schulterbl\u00e4ttern.<br \/>\nVorne gef\u00fcttert<\/p>\n","protected":false},"featured_media":413505,"template":"","meta":{"_acf_changed":false},"product_brand":[],"product_cat":[1550,1513],"product_tag":[1552],"class_list":{"0":"post-415219","1":"product","2":"type-product","3":"status-publish","4":"has-post-thumbnail","6":"product_cat-korper-tanz","7":"product_cat-kleidung","8":"product_tag-balletttrikot-fur-erwachsene","9":"pa_brand-dl-tanzkleidung","11":"first","12":"instock","13":"shipping-taxable","14":"purchasable","15":"product-type-variable"},"acf":[],"_links":{"self":[{"href":"https:\/\/www.letutudanza.it\/de\/wp-json\/wp\/v2\/product\/415219","targetHints":{"allow":["GET"]}}],"collection":[{"href":"https:\/\/www.letutudanza.it\/de\/wp-json\/wp\/v2\/product"}],"about":[{"href":"https:\/\/www.letutudanza.it\/de\/wp-json\/wp\/v2\/types\/product"}],"wp:featuredmedia":[{"embeddable":true,"href":"https:\/\/www.letutudanza.it\/de\/wp-json\/wp\/v2\/media\/413505"}],"wp:attachment":[{"href":"https:\/\/www.letutudanza.it\/de\/wp-json\/wp\/v2\/media?parent=415219"}],"wp:term":[{"taxonomy":"product_brand","embeddable":true,"href":"https:\/\/www.letutudanza.it\/de\/wp-json\/wp\/v2\/product_brand?post=415219"},{"taxonomy":"product_cat","embeddable":true,"href":"https:\/\/www.letutudanza.it\/de\/wp-json\/wp\/v2\/product_cat?post=415219"},{"taxonomy":"product_tag","embeddable":true,"href":"https:\/\/www.letutudanza.it\/de\/wp-json\/wp\/v2\/product_tag?post=415219"}],"curies":[{"name":"wp","href":"https:\/\/api.w.org\/{rel}","templated":true}]}}